{"id":13,"date":"2026-02-13T11:16:07","date_gmt":"2026-02-13T11:16:07","guid":{"rendered":"http:\/\/dsd.local\/?page_id=13"},"modified":"2026-02-13T11:19:57","modified_gmt":"2026-02-13T11:19:57","slug":"refund_returns","status":"publish","type":"page","link":"https:\/\/dealselecdiscount.com\/en\/refund_returns\/","title":{"rendered":"Refund Policy"},"content":{"rendered":"<div data-elementor-type=\"wp-page\" data-elementor-id=\"13\" class=\"elementor elementor-13\">\n\t\t\t\t<div class=\"elementor-element elementor-element-181f40a3 e-flex e-con-boxed e-con e-parent\" data-id=\"181f40a3\" data-element_type=\"container\" data-e-type=\"container\">\n\t\t\t\t\t<div class=\"e-con-inner\">\n\t\t\t\t<div class=\"elementor-element elementor-element-68518a9a elementor-widget elementor-widget-text-editor\" data-id=\"68518a9a\" data-element_type=\"widget\" data-e-type=\"widget\" data-widget_type=\"text-editor.default\">\n\t\t\t\t\t\t\t\t\t<h3 data-path-to-node=\"4\">1. Vue d&rsquo;ensemble<\/h3>\n<p data-path-to-node=\"5\">Notre politique de retour est de <b data-path-to-node=\"5\" data-index-in-node=\"33\">30 jours<\/b>. Si 30 jours se sont \u00e9coul\u00e9s depuis votre achat, nous ne pouvons malheureusement pas vous offrir de remboursement ou d&rsquo;\u00e9change.<\/p>\n<p data-path-to-node=\"6\">Pour \u00eatre \u00e9ligible \u00e0 un retour, votre article doit \u00eatre <b data-path-to-node=\"6\" data-index-in-node=\"56\">inutilis\u00e9<\/b> et dans le m\u00eame \u00e9tat que vous l&rsquo;avez re\u00e7u. Il doit imp\u00e9rativement \u00eatre dans son <b data-path-to-node=\"6\" data-index-in-node=\"146\">emballage d&rsquo;origine<\/b>.<\/p>\n<hr data-path-to-node=\"7\" \/>\n<h3 data-path-to-node=\"8\">2. Articles non retournables<\/h3>\n<p data-path-to-node=\"9\">Certains types de produits ne peuvent pas \u00eatre retourn\u00e9s :<\/p>\n<ul data-path-to-node=\"10\">\n<li>\n<p id=\"p-rc_7f7de6be780751b7-19\" data-path-to-node=\"10,0,0\"><b data-path-to-node=\"10,0,0\" data-index-in-node=\"0\">Logicie<span class=\"citation-127\">ls et Jeux Vid\u00e9o :<\/span><\/b><span class=\"citation-127 citation-end-127\"> Tout logiciel t\u00e9l\u00e9chargeable ou jeu vid\u00e9o dont l&#8217;emballage a \u00e9t\u00e9 ouvert ou le sceau de s\u00e9curit\u00e9 bris\u00e9.<\/span><\/p>\n<\/li>\n<li>\n<p id=\"p-rc_7f7de6be780751b7-20\" data-path-to-node=\"10,1,0\"><b data-path-to-node=\"10,1,0\" data-index-in-node=\"0\">Cartes Cadeaux :<\/b><span class=\"citation-126 citation-end-126\"> Non remboursables.<\/span><\/p>\n<\/li>\n<li>\n<p id=\"p-rc_7f7de6be780751b7-21\" data-path-to-node=\"10,2,0\"><b data-path-to-node=\"10,2,0\" data-index-in-node=\"0\">Produits d&rsquo;hygi\u00e8ne :<\/b><span class=\"citation-125 citation-end-125\"> Certains articles de<\/span> soin personnel.<\/p>\n<\/li>\n<li>\n<p data-path-to-node=\"10,3,0\"><b data-path-to-node=\"10,3,0\" data-index-in-node=\"0\">Appareils install\u00e9s :<\/b> Tout appareil d&rsquo;\u00e9lectrom\u00e9nager ayant \u00e9t\u00e9 install\u00e9 ou utilis\u00e9.<\/p>\n<\/li>\n<\/ul>\n<hr data-path-to-node=\"11\" \/>\n<h3 data-path-to-node=\"12\">3. Proc\u00e9dure de remboursement<\/h3>\n<p data-path-to-node=\"13\">Une fois votre retour re\u00e7u et inspect\u00e9 par notre \u00e9quipe technique, nous vous enverrons un e-mail pour vous confirmer la r\u00e9ception. Nous vous informerons \u00e9galement de l&rsquo;approbation ou du rejet de votre remboursement.<\/p>\n<p data-path-to-node=\"14\">Si votre demande est approuv\u00e9e, votre remboursement sera trait\u00e9 et un cr\u00e9dit sera automatiquement appliqu\u00e9 \u00e0 votre <b data-path-to-node=\"14\" data-index-in-node=\"115\">carte bancaire<\/b> ou \u00e0 votre <b data-path-to-node=\"14\" data-index-in-node=\"141\">compte bancaire<\/b> (pour les virements) dans un d\u00e9lai de quelques jours.<\/p>\n<hr data-path-to-node=\"15\" \/>\n<h3 data-path-to-node=\"16\">4. \u00c9changes (Produits d\u00e9fectueux)<\/h3>\n<p data-path-to-node=\"17\">Nous ne rempla\u00e7ons les articles que s&rsquo;ils sont d\u00e9fectueux ou endommag\u00e9s lors de la livraison. Si vous avez besoin d&rsquo;un \u00e9change pour le m\u00eame article, envoyez-nous un e-mail sur notre page <b data-path-to-node=\"17\" data-index-in-node=\"187\">Contact<\/b>.<\/p>\n<hr data-path-to-node=\"18\" \/>\n<h3 data-path-to-node=\"19\">5. Exp\u00e9dition et retours<\/h3>\n<p data-path-to-node=\"20\">Pour retourner votre produit, vous devez envoyer un mail \u00e0 l&rsquo;adresse suivante : <span style=\"color: #2a3235;\"><b>contact@dealselecdiscount.com<\/b><\/span>.<\/p>\n<ul data-path-to-node=\"21\">\n<li>\n<p data-path-to-node=\"21,0,0\">Les frais d&rsquo;exp\u00e9dition pour le retour de votre article sont \u00e0 <b data-path-to-node=\"21,0,0\" data-index-in-node=\"62\">votre charge<\/b>. Ils ne sont pas remboursables.<\/p>\n<\/li>\n<li>\n<p data-path-to-node=\"21,1,0\">Pour les articles de valeur (V\u00e9los, Gros \u00e9lectrom\u00e9nager), nous vous recommandons d&rsquo;utiliser un service d&rsquo;exp\u00e9dition avec <b data-path-to-node=\"21,1,0\" data-index-in-node=\"121\">suivi<\/b> ou de souscrire \u00e0 une <b data-path-to-node=\"21,1,0\" data-index-in-node=\"149\">assurance exp\u00e9dition<\/b>. Nous ne garantissons pas la r\u00e9ception de l&rsquo;article retourn\u00e9 sans preuve de livraison.<\/p>\n<\/li>\n<\/ul>\n<p><!-- \/wp:paragraph --><\/p>\t\t\t\t\t\t\t\t<\/div>\n\t\t\t\t\t<\/div>\n\t\t\t\t<\/div>\n\t\t\t\t<\/div>","protected":false},"excerpt":{"rendered":"<p>1. Vue d&rsquo;ensemble Notre politique de retour est de 30 jours. Si 30 jours se sont \u00e9coul\u00e9s depuis votre achat, nous ne pouvons malheureusement pas vous offrir de remboursement ou d&rsquo;\u00e9change. Pour \u00eatre \u00e9ligible \u00e0 un retour, votre article doit \u00eatre inutilis\u00e9 et dans le m\u00eame \u00e9tat que vous l&rsquo;avez re\u00e7u. Il doit imp\u00e9rativement \u00eatre dans son emballage d&rsquo;origine. 2. [&hellip;]<\/p>","protected":false},"author":1,"featured_media":0,"parent":0,"menu_order":0,"comment_status":"closed","ping_status":"closed","template":"","meta":{"footnotes":""},"class_list":["post-13","page","type-page","status-publish","hentry"],"_links":{"self":[{"href":"https:\/\/dealselecdiscount.com\/en\/wp-json\/wp\/v2\/pages\/13","targetHints":{"allow":["GET"]}}],"collection":[{"href":"https:\/\/dealselecdiscount.com\/en\/wp-json\/wp\/v2\/pages"}],"about":[{"href":"https:\/\/dealselecdiscount.com\/en\/wp-json\/wp\/v2\/types\/page"}],"author":[{"embeddable":true,"href":"https:\/\/dealselecdiscount.com\/en\/wp-json\/wp\/v2\/users\/1"}],"replies":[{"embeddable":true,"href":"https:\/\/dealselecdiscount.com\/en\/wp-json\/wp\/v2\/comments?post=13"}],"version-history":[{"count":5,"href":"https:\/\/dealselecdiscount.com\/en\/wp-json\/wp\/v2\/pages\/13\/revisions"}],"predecessor-version":[{"id":2953,"href":"https:\/\/dealselecdiscount.com\/en\/wp-json\/wp\/v2\/pages\/13\/revisions\/2953"}],"wp:attachment":[{"href":"https:\/\/dealselecdiscount.com\/en\/wp-json\/wp\/v2\/media?parent=13"}],"curies":[{"name":"wp","href":"https:\/\/api.w.org\/{rel}","templated":true}]}}