{"id":2300,"date":"2026-02-12T10:16:33","date_gmt":"2026-02-12T10:16:33","guid":{"rendered":"https:\/\/dealselecdiscount.com\/product\/ulanzi-support-de-cou-magnetique-pour-pictron-action\/"},"modified":"2026-02-12T10:16:33","modified_gmt":"2026-02-12T10:16:33","slug":"ulanzi-support-de-cou-magnetique-pour-pictron-action","status":"publish","type":"product","link":"https:\/\/dealselecdiscount.com\/en\/product\/ulanzi-support-de-cou-magnetique-pour-pictron-action\/","title":{"rendered":"Ulanzi Support de cou magn\u00e9tique pour Pictron Action"},"content":{"rendered":"<p>Ulanzi Support de cou magn\u00e9tique pour Pictron Action Camera Mount et s\u00e9rie Insta360 avec multi-angle r\u00e9glable et fermoir rapide<\/p>","protected":false},"excerpt":{"rendered":"<p>Ulanzi Support de cou magn\u00e9tique pour Pictron Action Camera Mount et s\u00e9rie Insta360 avec multi-angle r\u00e9glable et fermoir rapide<\/p>","protected":false},"featured_media":2299,"comment_status":"open","ping_status":"closed","template":"","meta":[],"product_brand":[],"product_cat":[46],"product_tag":[],"class_list":{"0":"post-2300","1":"product","2":"type-product","3":"status-publish","4":"has-post-thumbnail","6":"product_cat-electronique","8":"first","9":"instock","10":"sale","11":"shipping-taxable","12":"purchasable","13":"product-type-simple"},"_links":{"self":[{"href":"https:\/\/dealselecdiscount.com\/en\/wp-json\/wp\/v2\/product\/2300","targetHints":{"allow":["GET"]}}],"collection":[{"href":"https:\/\/dealselecdiscount.com\/en\/wp-json\/wp\/v2\/product"}],"about":[{"href":"https:\/\/dealselecdiscount.com\/en\/wp-json\/wp\/v2\/types\/product"}],"replies":[{"embeddable":true,"href":"https:\/\/dealselecdiscount.com\/en\/wp-json\/wp\/v2\/comments?post=2300"}],"wp:featuredmedia":[{"embeddable":true,"href":"https:\/\/dealselecdiscount.com\/en\/wp-json\/wp\/v2\/media\/2299"}],"wp:attachment":[{"href":"https:\/\/dealselecdiscount.com\/en\/wp-json\/wp\/v2\/media?parent=2300"}],"wp:term":[{"taxonomy":"product_brand","embeddable":true,"href":"https:\/\/dealselecdiscount.com\/en\/wp-json\/wp\/v2\/product_brand?post=2300"},{"taxonomy":"product_cat","embeddable":true,"href":"https:\/\/dealselecdiscount.com\/en\/wp-json\/wp\/v2\/product_cat?post=2300"},{"taxonomy":"product_tag","embeddable":true,"href":"https:\/\/dealselecdiscount.com\/en\/wp-json\/wp\/v2\/product_tag?post=2300"}],"curies":[{"name":"wp","href":"https:\/\/api.w.org\/{rel}","templated":true}]}}