{"id":2304,"date":"2026-02-12T10:16:33","date_gmt":"2026-02-12T10:16:33","guid":{"rendered":"https:\/\/dealselecdiscount.com\/product\/dji-mic-mini-systeme-de-microphones-ultra\/"},"modified":"2026-02-12T10:16:34","modified_gmt":"2026-02-12T10:16:34","slug":"dji-mic-mini-systeme-de-microphones-ultra","status":"publish","type":"product","link":"https:\/\/dealselecdiscount.com\/en\/product\/dji-mic-mini-systeme-de-microphones-ultra\/","title":{"rendered":"DJI Mic Mini Syst\u00e8me de microphones ultra"},"content":{"rendered":"<p>DJI Mic Mini Syst\u00e8me de microphones ultra-l\u00e9gers 2 \u00e9metteurs + 1 r\u00e9cepteur + \u00e9tui de charge<\/p>","protected":false},"excerpt":{"rendered":"<p>DJI Mic Mini Syst\u00e8me de microphones ultra-l\u00e9gers 2 \u00e9metteurs + 1 r\u00e9cepteur + \u00e9tui de charge<\/p>","protected":false},"featured_media":2303,"comment_status":"open","ping_status":"closed","template":"","meta":[],"product_brand":[],"product_cat":[46],"product_tag":[],"class_list":{"0":"post-2304","1":"product","2":"type-product","3":"status-publish","4":"has-post-thumbnail","6":"product_cat-electronique","8":"first","9":"instock","10":"sale","11":"shipping-taxable","12":"purchasable","13":"product-type-simple"},"_links":{"self":[{"href":"https:\/\/dealselecdiscount.com\/en\/wp-json\/wp\/v2\/product\/2304","targetHints":{"allow":["GET"]}}],"collection":[{"href":"https:\/\/dealselecdiscount.com\/en\/wp-json\/wp\/v2\/product"}],"about":[{"href":"https:\/\/dealselecdiscount.com\/en\/wp-json\/wp\/v2\/types\/product"}],"replies":[{"embeddable":true,"href":"https:\/\/dealselecdiscount.com\/en\/wp-json\/wp\/v2\/comments?post=2304"}],"wp:featuredmedia":[{"embeddable":true,"href":"https:\/\/dealselecdiscount.com\/en\/wp-json\/wp\/v2\/media\/2303"}],"wp:attachment":[{"href":"https:\/\/dealselecdiscount.com\/en\/wp-json\/wp\/v2\/media?parent=2304"}],"wp:term":[{"taxonomy":"product_brand","embeddable":true,"href":"https:\/\/dealselecdiscount.com\/en\/wp-json\/wp\/v2\/product_brand?post=2304"},{"taxonomy":"product_cat","embeddable":true,"href":"https:\/\/dealselecdiscount.com\/en\/wp-json\/wp\/v2\/product_cat?post=2304"},{"taxonomy":"product_tag","embeddable":true,"href":"https:\/\/dealselecdiscount.com\/en\/wp-json\/wp\/v2\/product_tag?post=2304"}],"curies":[{"name":"wp","href":"https:\/\/api.w.org\/{rel}","templated":true}]}}