{"id":2308,"date":"2026-02-12T10:16:34","date_gmt":"2026-02-12T10:16:34","guid":{"rendered":"https:\/\/dealselecdiscount.com\/product\/verre-trempe-confidentialite-plein-ecran-hoco-serie-xiongdun\/"},"modified":"2026-02-12T10:16:34","modified_gmt":"2026-02-12T10:16:34","slug":"verre-trempe-confidentialite-plein-ecran-hoco-serie-xiongdun","status":"publish","type":"product","link":"https:\/\/dealselecdiscount.com\/en\/product\/verre-trempe-confidentialite-plein-ecran-hoco-serie-xiongdun\/","title":{"rendered":"Verre Tremp\u00e9 Confidentialit\u00e9 Plein \u00c9cran HOCO S\u00e9rie Xiongdun"},"content":{"rendered":"<p>Verre Tremp\u00e9 Confidentialit\u00e9 Plein \u00c9cran HOCO S\u00e9rie Xiongdun pour iPhone 17 Pro Max (A888 Plus)<\/p>","protected":false},"excerpt":{"rendered":"<p>Verre Tremp\u00e9 Confidentialit\u00e9 Plein \u00c9cran HOCO S\u00e9rie Xiongdun pour iPhone 17 Pro Max (A888 Plus)<\/p>","protected":false},"featured_media":2307,"comment_status":"open","ping_status":"closed","template":"","meta":[],"product_brand":[],"product_cat":[46],"product_tag":[],"class_list":{"0":"post-2308","1":"product","2":"type-product","3":"status-publish","4":"has-post-thumbnail","6":"product_cat-electronique","8":"first","9":"instock","10":"sale","11":"shipping-taxable","12":"purchasable","13":"product-type-simple"},"_links":{"self":[{"href":"https:\/\/dealselecdiscount.com\/en\/wp-json\/wp\/v2\/product\/2308","targetHints":{"allow":["GET"]}}],"collection":[{"href":"https:\/\/dealselecdiscount.com\/en\/wp-json\/wp\/v2\/product"}],"about":[{"href":"https:\/\/dealselecdiscount.com\/en\/wp-json\/wp\/v2\/types\/product"}],"replies":[{"embeddable":true,"href":"https:\/\/dealselecdiscount.com\/en\/wp-json\/wp\/v2\/comments?post=2308"}],"wp:featuredmedia":[{"embeddable":true,"href":"https:\/\/dealselecdiscount.com\/en\/wp-json\/wp\/v2\/media\/2307"}],"wp:attachment":[{"href":"https:\/\/dealselecdiscount.com\/en\/wp-json\/wp\/v2\/media?parent=2308"}],"wp:term":[{"taxonomy":"product_brand","embeddable":true,"href":"https:\/\/dealselecdiscount.com\/en\/wp-json\/wp\/v2\/product_brand?post=2308"},{"taxonomy":"product_cat","embeddable":true,"href":"https:\/\/dealselecdiscount.com\/en\/wp-json\/wp\/v2\/product_cat?post=2308"},{"taxonomy":"product_tag","embeddable":true,"href":"https:\/\/dealselecdiscount.com\/en\/wp-json\/wp\/v2\/product_tag?post=2308"}],"curies":[{"name":"wp","href":"https:\/\/api.w.org\/{rel}","templated":true}]}}