{"id":2334,"date":"2026-02-12T10:16:37","date_gmt":"2026-02-12T10:16:37","guid":{"rendered":"https:\/\/dealselecdiscount.com\/product\/cable-de-donnees-pavareal-usb-2\/"},"modified":"2026-02-12T10:16:37","modified_gmt":"2026-02-12T10:16:37","slug":"cable-de-donnees-pavareal-usb-2","status":"publish","type":"product","link":"https:\/\/dealselecdiscount.com\/en\/product\/cable-de-donnees-pavareal-usb-2\/","title":{"rendered":"C\u00e2ble de Donn\u00e9es PAVAREAL USB"},"content":{"rendered":"<p>C\u00e2ble de Donn\u00e9es PAVAREAL USB-C vers USB-C 100W en Alliage de Zinc Noir \u00e0 Charge Ultra Rapide et Compatibilit\u00e9 Totale<\/p>","protected":false},"excerpt":{"rendered":"<p>C\u00e2ble de Donn\u00e9es PAVAREAL USB-C vers USB-C 100W en Alliage de Zinc Noir \u00e0 Charge Ultra Rapide et Compatibilit\u00e9 Totale<\/p>","protected":false},"featured_media":2333,"comment_status":"open","ping_status":"closed","template":"","meta":[],"product_brand":[],"product_cat":[46],"product_tag":[],"class_list":{"0":"post-2334","1":"product","2":"type-product","3":"status-publish","4":"has-post-thumbnail","6":"product_cat-electronique","8":"first","9":"instock","10":"sale","11":"shipping-taxable","12":"purchasable","13":"product-type-simple"},"_links":{"self":[{"href":"https:\/\/dealselecdiscount.com\/en\/wp-json\/wp\/v2\/product\/2334","targetHints":{"allow":["GET"]}}],"collection":[{"href":"https:\/\/dealselecdiscount.com\/en\/wp-json\/wp\/v2\/product"}],"about":[{"href":"https:\/\/dealselecdiscount.com\/en\/wp-json\/wp\/v2\/types\/product"}],"replies":[{"embeddable":true,"href":"https:\/\/dealselecdiscount.com\/en\/wp-json\/wp\/v2\/comments?post=2334"}],"wp:featuredmedia":[{"embeddable":true,"href":"https:\/\/dealselecdiscount.com\/en\/wp-json\/wp\/v2\/media\/2333"}],"wp:attachment":[{"href":"https:\/\/dealselecdiscount.com\/en\/wp-json\/wp\/v2\/media?parent=2334"}],"wp:term":[{"taxonomy":"product_brand","embeddable":true,"href":"https:\/\/dealselecdiscount.com\/en\/wp-json\/wp\/v2\/product_brand?post=2334"},{"taxonomy":"product_cat","embeddable":true,"href":"https:\/\/dealselecdiscount.com\/en\/wp-json\/wp\/v2\/product_cat?post=2334"},{"taxonomy":"product_tag","embeddable":true,"href":"https:\/\/dealselecdiscount.com\/en\/wp-json\/wp\/v2\/product_tag?post=2334"}],"curies":[{"name":"wp","href":"https:\/\/api.w.org\/{rel}","templated":true}]}}