{"id":2408,"date":"2026-02-12T10:16:47","date_gmt":"2026-02-12T10:16:47","guid":{"rendered":"https:\/\/dealselecdiscount.com\/product\/netflix-officiel-dolby-audio-projeteur-yaber-v12\/"},"modified":"2026-02-12T10:16:47","modified_gmt":"2026-02-12T10:16:47","slug":"netflix-officiel-dolby-audio-projeteur-yaber-v12","status":"publish","type":"product","link":"https:\/\/dealselecdiscount.com\/en\/product\/netflix-officiel-dolby-audio-projeteur-yaber-v12\/","title":{"rendered":"[Netflix Officiel &#038; Dolby Audio] Projeteur Yaber V12"},"content":{"rendered":"<p>[Netflix Officiel &#038; Dolby Audio] Projeteur Yaber V12, Projeteur portable avec Mise au point automatique et Correction de keystone, Projeteur vid\u00e9o intelligent WiFi6 Bluetooth FHD 1080P pour cin\u00e9ma maison, ext\u00e9rieur, 400 Lumens ISO<\/p>","protected":false},"excerpt":{"rendered":"<p>[Netflix Officiel &#038; Dolby Audio] Projeteur Yaber V12, Projeteur portable avec Mise au point automatique et Correction de keystone, Projeteur vid\u00e9o intelligent WiFi6 Bluetooth FHD 1080P pour cin\u00e9ma maison, ext\u00e9rieur, 400 Lumens ISO<\/p>","protected":false},"featured_media":2407,"comment_status":"open","ping_status":"closed","template":"","meta":[],"product_brand":[],"product_cat":[46],"product_tag":[],"class_list":{"0":"post-2408","1":"product","2":"type-product","3":"status-publish","4":"has-post-thumbnail","6":"product_cat-electronique","8":"first","9":"instock","10":"sale","11":"shipping-taxable","12":"purchasable","13":"product-type-simple"},"_links":{"self":[{"href":"https:\/\/dealselecdiscount.com\/en\/wp-json\/wp\/v2\/product\/2408","targetHints":{"allow":["GET"]}}],"collection":[{"href":"https:\/\/dealselecdiscount.com\/en\/wp-json\/wp\/v2\/product"}],"about":[{"href":"https:\/\/dealselecdiscount.com\/en\/wp-json\/wp\/v2\/types\/product"}],"replies":[{"embeddable":true,"href":"https:\/\/dealselecdiscount.com\/en\/wp-json\/wp\/v2\/comments?post=2408"}],"wp:featuredmedia":[{"embeddable":true,"href":"https:\/\/dealselecdiscount.com\/en\/wp-json\/wp\/v2\/media\/2407"}],"wp:attachment":[{"href":"https:\/\/dealselecdiscount.com\/en\/wp-json\/wp\/v2\/media?parent=2408"}],"wp:term":[{"taxonomy":"product_brand","embeddable":true,"href":"https:\/\/dealselecdiscount.com\/en\/wp-json\/wp\/v2\/product_brand?post=2408"},{"taxonomy":"product_cat","embeddable":true,"href":"https:\/\/dealselecdiscount.com\/en\/wp-json\/wp\/v2\/product_cat?post=2408"},{"taxonomy":"product_tag","embeddable":true,"href":"https:\/\/dealselecdiscount.com\/en\/wp-json\/wp\/v2\/product_tag?post=2408"}],"curies":[{"name":"wp","href":"https:\/\/api.w.org\/{rel}","templated":true}]}}