{"id":2430,"date":"2026-02-12T10:16:50","date_gmt":"2026-02-12T10:16:50","guid":{"rendered":"https:\/\/dealselecdiscount.com\/product\/ochamaxj-zao-support-de-projecteur\/"},"modified":"2026-02-12T10:16:50","modified_gmt":"2026-02-12T10:16:50","slug":"ochamaxj-zao-support-de-projecteur","status":"publish","type":"product","link":"https:\/\/dealselecdiscount.com\/en\/product\/ochamaxj-zao-support-de-projecteur\/","title":{"rendered":"ochama\u00d7J.ZAO Support de Projecteur"},"content":{"rendered":"<p>ochama\u00d7J.ZAO Support de Projecteur, Tr\u00e9pied Universel R\u00e9glable et Robuste avec Plateau pour Projecteurs XGIMI, Xiaomi, BenQ, Epson<\/p>","protected":false},"excerpt":{"rendered":"<p>ochama\u00d7J.ZAO Support de Projecteur, Tr\u00e9pied Universel R\u00e9glable et Robuste avec Plateau pour Projecteurs XGIMI, Xiaomi, BenQ, Epson<\/p>","protected":false},"featured_media":2429,"comment_status":"open","ping_status":"closed","template":"","meta":[],"product_brand":[],"product_cat":[46],"product_tag":[],"class_list":{"0":"post-2430","1":"product","2":"type-product","3":"status-publish","4":"has-post-thumbnail","6":"product_cat-electronique","8":"first","9":"instock","10":"sale","11":"shipping-taxable","12":"purchasable","13":"product-type-simple"},"_links":{"self":[{"href":"https:\/\/dealselecdiscount.com\/en\/wp-json\/wp\/v2\/product\/2430","targetHints":{"allow":["GET"]}}],"collection":[{"href":"https:\/\/dealselecdiscount.com\/en\/wp-json\/wp\/v2\/product"}],"about":[{"href":"https:\/\/dealselecdiscount.com\/en\/wp-json\/wp\/v2\/types\/product"}],"replies":[{"embeddable":true,"href":"https:\/\/dealselecdiscount.com\/en\/wp-json\/wp\/v2\/comments?post=2430"}],"wp:featuredmedia":[{"embeddable":true,"href":"https:\/\/dealselecdiscount.com\/en\/wp-json\/wp\/v2\/media\/2429"}],"wp:attachment":[{"href":"https:\/\/dealselecdiscount.com\/en\/wp-json\/wp\/v2\/media?parent=2430"}],"wp:term":[{"taxonomy":"product_brand","embeddable":true,"href":"https:\/\/dealselecdiscount.com\/en\/wp-json\/wp\/v2\/product_brand?post=2430"},{"taxonomy":"product_cat","embeddable":true,"href":"https:\/\/dealselecdiscount.com\/en\/wp-json\/wp\/v2\/product_cat?post=2430"},{"taxonomy":"product_tag","embeddable":true,"href":"https:\/\/dealselecdiscount.com\/en\/wp-json\/wp\/v2\/product_tag?post=2430"}],"curies":[{"name":"wp","href":"https:\/\/api.w.org\/{rel}","templated":true}]}}