{"id":2475,"date":"2026-02-12T10:19:25","date_gmt":"2026-02-12T10:19:25","guid":{"rendered":"https:\/\/dealselecdiscount.com\/product\/ciarra-plaque-vitroceramique-encastrable-3000-w-a-2-feux-avec-9-niveaux-de-puissance-commande-tactile-minuterie-et-fonctions-de-securite-crgdbch302t\/"},"modified":"2026-02-12T10:19:25","modified_gmt":"2026-02-12T10:19:25","slug":"ciarra-plaque-vitroceramique-encastrable-3000-w-a-2-feux-avec-9-niveaux-de-puissance-commande-tactile-minuterie-et-fonctions-de-securite-crgdbch302t","status":"publish","type":"product","link":"https:\/\/dealselecdiscount.com\/en\/product\/ciarra-plaque-vitroceramique-encastrable-3000-w-a-2-feux-avec-9-niveaux-de-puissance-commande-tactile-minuterie-et-fonctions-de-securite-crgdbch302t\/","title":{"rendered":"CIARRA Plaque vitroc\u00e9ramique encastrable 3000 W \u00e0 2 feux avec 9 niveaux de puissance, commande tactile, minuterie et fonctions de s\u00e9curit\u00e9, CRGDBCH302T"},"content":{"rendered":"","protected":false},"excerpt":{"rendered":"","protected":false},"featured_media":2474,"comment_status":"open","ping_status":"closed","template":"","meta":[],"product_brand":[],"product_cat":[19],"product_tag":[],"class_list":{"0":"post-2475","1":"product","2":"type-product","3":"status-publish","4":"has-post-thumbnail","6":"product_cat-fours","8":"first","9":"instock","10":"shipping-taxable","11":"purchasable","12":"product-type-simple"},"_links":{"self":[{"href":"https:\/\/dealselecdiscount.com\/en\/wp-json\/wp\/v2\/product\/2475","targetHints":{"allow":["GET"]}}],"collection":[{"href":"https:\/\/dealselecdiscount.com\/en\/wp-json\/wp\/v2\/product"}],"about":[{"href":"https:\/\/dealselecdiscount.com\/en\/wp-json\/wp\/v2\/types\/product"}],"replies":[{"embeddable":true,"href":"https:\/\/dealselecdiscount.com\/en\/wp-json\/wp\/v2\/comments?post=2475"}],"wp:featuredmedia":[{"embeddable":true,"href":"https:\/\/dealselecdiscount.com\/en\/wp-json\/wp\/v2\/media\/2474"}],"wp:attachment":[{"href":"https:\/\/dealselecdiscount.com\/en\/wp-json\/wp\/v2\/media?parent=2475"}],"wp:term":[{"taxonomy":"product_brand","embeddable":true,"href":"https:\/\/dealselecdiscount.com\/en\/wp-json\/wp\/v2\/product_brand?post=2475"},{"taxonomy":"product_cat","embeddable":true,"href":"https:\/\/dealselecdiscount.com\/en\/wp-json\/wp\/v2\/product_cat?post=2475"},{"taxonomy":"product_tag","embeddable":true,"href":"https:\/\/dealselecdiscount.com\/en\/wp-json\/wp\/v2\/product_tag?post=2475"}],"curies":[{"name":"wp","href":"https:\/\/api.w.org\/{rel}","templated":true}]}}