{"id":2485,"date":"2026-02-12T10:19:26","date_gmt":"2026-02-12T10:19:26","guid":{"rendered":"https:\/\/dealselecdiscount.com\/product\/comfee-slif17ss-60-hotte-de-sous-plan-60-cm-avec-eclairage-led-debit-dair-200-m%c2%b3-h-2-modes-dextraction-3-vitesses-acier-inoxydable-brosse-classe-energetique-b\/"},"modified":"2026-02-12T10:19:26","modified_gmt":"2026-02-12T10:19:26","slug":"comfee-slif17ss-60-hotte-de-sous-plan-60-cm-avec-eclairage-led-debit-dair-200-m%c2%b3-h-2-modes-dextraction-3-vitesses-acier-inoxydable-brosse-classe-energetique-b","status":"publish","type":"product","link":"https:\/\/dealselecdiscount.com\/en\/product\/comfee-slif17ss-60-hotte-de-sous-plan-60-cm-avec-eclairage-led-debit-dair-200-m%c2%b3-h-2-modes-dextraction-3-vitesses-acier-inoxydable-brosse-classe-energetique-b\/","title":{"rendered":"Comfee SLIF17SS-60 hotte de sous plan 60 cm avec \u00e9clairage LED, d\u00e9bit d\u2019air 200 m\u00b3\/h, 2 modes d\u2019extraction &#8211; 3 vitesses, acier inoxydable bross\u00e9 [Classe \u00e9nerg\u00e9tique B]"},"content":{"rendered":"","protected":false},"excerpt":{"rendered":"","protected":false},"featured_media":2484,"comment_status":"open","ping_status":"closed","template":"","meta":[],"product_brand":[],"product_cat":[19],"product_tag":[],"class_list":{"0":"post-2485","1":"product","2":"type-product","3":"status-publish","4":"has-post-thumbnail","6":"product_cat-fours","8":"first","9":"instock","10":"shipping-taxable","11":"purchasable","12":"product-type-simple"},"_links":{"self":[{"href":"https:\/\/dealselecdiscount.com\/en\/wp-json\/wp\/v2\/product\/2485","targetHints":{"allow":["GET"]}}],"collection":[{"href":"https:\/\/dealselecdiscount.com\/en\/wp-json\/wp\/v2\/product"}],"about":[{"href":"https:\/\/dealselecdiscount.com\/en\/wp-json\/wp\/v2\/types\/product"}],"replies":[{"embeddable":true,"href":"https:\/\/dealselecdiscount.com\/en\/wp-json\/wp\/v2\/comments?post=2485"}],"wp:featuredmedia":[{"embeddable":true,"href":"https:\/\/dealselecdiscount.com\/en\/wp-json\/wp\/v2\/media\/2484"}],"wp:attachment":[{"href":"https:\/\/dealselecdiscount.com\/en\/wp-json\/wp\/v2\/media?parent=2485"}],"wp:term":[{"taxonomy":"product_brand","embeddable":true,"href":"https:\/\/dealselecdiscount.com\/en\/wp-json\/wp\/v2\/product_brand?post=2485"},{"taxonomy":"product_cat","embeddable":true,"href":"https:\/\/dealselecdiscount.com\/en\/wp-json\/wp\/v2\/product_cat?post=2485"},{"taxonomy":"product_tag","embeddable":true,"href":"https:\/\/dealselecdiscount.com\/en\/wp-json\/wp\/v2\/product_tag?post=2485"}],"curies":[{"name":"wp","href":"https:\/\/api.w.org\/{rel}","templated":true}]}}