{"id":2515,"date":"2026-02-12T10:19:31","date_gmt":"2026-02-12T10:19:31","guid":{"rendered":"https:\/\/dealselecdiscount.com\/product\/comfee-pyra17b-60-hotte-aspirante-60-cm-noire-eclairage-led-debit-dair-400-m%c2%b3-h-systeme-recirculable-et-evacuation-filtres-en-charbon-inclus-classe-energetique-b\/"},"modified":"2026-02-12T10:19:31","modified_gmt":"2026-02-12T10:19:31","slug":"comfee-pyra17b-60-hotte-aspirante-60-cm-noire-eclairage-led-debit-dair-400-m%c2%b3-h-systeme-recirculable-et-evacuation-filtres-en-charbon-inclus-classe-energetique-b","status":"publish","type":"product","link":"https:\/\/dealselecdiscount.com\/en\/product\/comfee-pyra17b-60-hotte-aspirante-60-cm-noire-eclairage-led-debit-dair-400-m%c2%b3-h-systeme-recirculable-et-evacuation-filtres-en-charbon-inclus-classe-energetique-b\/","title":{"rendered":"COMFEE&rsquo; PYRA17B-60 Hotte aspirante 60 cm, noire, \u00e9clairage LED, d\u00e9bit d\u2019air 400 m\u00b3\/h, syst\u00e8me recirculable et \u00e9vacuation, filtres en charbon inclus, Classe \u00e9nerg\u00e9tique B"},"content":{"rendered":"","protected":false},"excerpt":{"rendered":"","protected":false},"featured_media":2514,"comment_status":"open","ping_status":"closed","template":"","meta":[],"product_brand":[],"product_cat":[19],"product_tag":[],"class_list":{"0":"post-2515","1":"product","2":"type-product","3":"status-publish","4":"has-post-thumbnail","6":"product_cat-fours","8":"first","9":"instock","10":"shipping-taxable","11":"purchasable","12":"product-type-simple"},"_links":{"self":[{"href":"https:\/\/dealselecdiscount.com\/en\/wp-json\/wp\/v2\/product\/2515","targetHints":{"allow":["GET"]}}],"collection":[{"href":"https:\/\/dealselecdiscount.com\/en\/wp-json\/wp\/v2\/product"}],"about":[{"href":"https:\/\/dealselecdiscount.com\/en\/wp-json\/wp\/v2\/types\/product"}],"replies":[{"embeddable":true,"href":"https:\/\/dealselecdiscount.com\/en\/wp-json\/wp\/v2\/comments?post=2515"}],"wp:featuredmedia":[{"embeddable":true,"href":"https:\/\/dealselecdiscount.com\/en\/wp-json\/wp\/v2\/media\/2514"}],"wp:attachment":[{"href":"https:\/\/dealselecdiscount.com\/en\/wp-json\/wp\/v2\/media?parent=2515"}],"wp:term":[{"taxonomy":"product_brand","embeddable":true,"href":"https:\/\/dealselecdiscount.com\/en\/wp-json\/wp\/v2\/product_brand?post=2515"},{"taxonomy":"product_cat","embeddable":true,"href":"https:\/\/dealselecdiscount.com\/en\/wp-json\/wp\/v2\/product_cat?post=2515"},{"taxonomy":"product_tag","embeddable":true,"href":"https:\/\/dealselecdiscount.com\/en\/wp-json\/wp\/v2\/product_tag?post=2515"}],"curies":[{"name":"wp","href":"https:\/\/api.w.org\/{rel}","templated":true}]}}