{"id":2537,"date":"2026-02-12T10:19:33","date_gmt":"2026-02-12T10:19:33","guid":{"rendered":"https:\/\/dealselecdiscount.com\/product\/electrolux-plaque-de-cuisson-vitroceramique-a-induction-serie-500-saphirmatt-se-60-cm-3-zones-powerboost-hob2hood-noir-mat\/"},"modified":"2026-02-12T10:19:33","modified_gmt":"2026-02-12T10:19:33","slug":"electrolux-plaque-de-cuisson-vitroceramique-a-induction-serie-500-saphirmatt-se-60-cm-3-zones-powerboost-hob2hood-noir-mat","status":"publish","type":"product","link":"https:\/\/dealselecdiscount.com\/en\/product\/electrolux-plaque-de-cuisson-vitroceramique-a-induction-serie-500-saphirmatt-se-60-cm-3-zones-powerboost-hob2hood-noir-mat\/","title":{"rendered":"Electrolux Plaque de cuisson vitroc\u00e9ramique \u00e0 induction &#8211; S\u00e9rie 500 &#8211; SaphirMatt\u00ae SE &#8211; 60 cm &#8211; 3 zones &#8211; PowerBoost &#8211; Hob2Hood &#8211; Noir mat"},"content":{"rendered":"","protected":false},"excerpt":{"rendered":"","protected":false},"featured_media":2536,"comment_status":"open","ping_status":"closed","template":"","meta":[],"product_brand":[],"product_cat":[19],"product_tag":[],"class_list":{"0":"post-2537","1":"product","2":"type-product","3":"status-publish","4":"has-post-thumbnail","6":"product_cat-fours","8":"first","9":"instock","10":"shipping-taxable","11":"purchasable","12":"product-type-simple"},"_links":{"self":[{"href":"https:\/\/dealselecdiscount.com\/en\/wp-json\/wp\/v2\/product\/2537","targetHints":{"allow":["GET"]}}],"collection":[{"href":"https:\/\/dealselecdiscount.com\/en\/wp-json\/wp\/v2\/product"}],"about":[{"href":"https:\/\/dealselecdiscount.com\/en\/wp-json\/wp\/v2\/types\/product"}],"replies":[{"embeddable":true,"href":"https:\/\/dealselecdiscount.com\/en\/wp-json\/wp\/v2\/comments?post=2537"}],"wp:featuredmedia":[{"embeddable":true,"href":"https:\/\/dealselecdiscount.com\/en\/wp-json\/wp\/v2\/media\/2536"}],"wp:attachment":[{"href":"https:\/\/dealselecdiscount.com\/en\/wp-json\/wp\/v2\/media?parent=2537"}],"wp:term":[{"taxonomy":"product_brand","embeddable":true,"href":"https:\/\/dealselecdiscount.com\/en\/wp-json\/wp\/v2\/product_brand?post=2537"},{"taxonomy":"product_cat","embeddable":true,"href":"https:\/\/dealselecdiscount.com\/en\/wp-json\/wp\/v2\/product_cat?post=2537"},{"taxonomy":"product_tag","embeddable":true,"href":"https:\/\/dealselecdiscount.com\/en\/wp-json\/wp\/v2\/product_tag?post=2537"}],"curies":[{"name":"wp","href":"https:\/\/api.w.org\/{rel}","templated":true}]}}