{"id":2543,"date":"2026-02-12T10:19:34","date_gmt":"2026-02-12T10:19:34","guid":{"rendered":"https:\/\/dealselecdiscount.com\/product\/indesit-is67m5kcx-cuisiniere-a-gaz-avec-4-bruleurs-et-four-en-acier-inoxydable\/"},"modified":"2026-02-12T10:19:34","modified_gmt":"2026-02-12T10:19:34","slug":"indesit-is67m5kcx-cuisiniere-a-gaz-avec-4-bruleurs-et-four-en-acier-inoxydable","status":"publish","type":"product","link":"https:\/\/dealselecdiscount.com\/en\/product\/indesit-is67m5kcx-cuisiniere-a-gaz-avec-4-bruleurs-et-four-en-acier-inoxydable\/","title":{"rendered":"INDESIT IS67M5KCX Cuisini\u00e8re \u00e0 gaz avec 4 br\u00fbleurs et four en acier inoxydable"},"content":{"rendered":"","protected":false},"excerpt":{"rendered":"","protected":false},"featured_media":2542,"comment_status":"open","ping_status":"closed","template":"","meta":[],"product_brand":[],"product_cat":[19],"product_tag":[],"class_list":{"0":"post-2543","1":"product","2":"type-product","3":"status-publish","4":"has-post-thumbnail","6":"product_cat-fours","8":"first","9":"instock","10":"shipping-taxable","11":"purchasable","12":"product-type-simple"},"_links":{"self":[{"href":"https:\/\/dealselecdiscount.com\/en\/wp-json\/wp\/v2\/product\/2543","targetHints":{"allow":["GET"]}}],"collection":[{"href":"https:\/\/dealselecdiscount.com\/en\/wp-json\/wp\/v2\/product"}],"about":[{"href":"https:\/\/dealselecdiscount.com\/en\/wp-json\/wp\/v2\/types\/product"}],"replies":[{"embeddable":true,"href":"https:\/\/dealselecdiscount.com\/en\/wp-json\/wp\/v2\/comments?post=2543"}],"wp:featuredmedia":[{"embeddable":true,"href":"https:\/\/dealselecdiscount.com\/en\/wp-json\/wp\/v2\/media\/2542"}],"wp:attachment":[{"href":"https:\/\/dealselecdiscount.com\/en\/wp-json\/wp\/v2\/media?parent=2543"}],"wp:term":[{"taxonomy":"product_brand","embeddable":true,"href":"https:\/\/dealselecdiscount.com\/en\/wp-json\/wp\/v2\/product_brand?post=2543"},{"taxonomy":"product_cat","embeddable":true,"href":"https:\/\/dealselecdiscount.com\/en\/wp-json\/wp\/v2\/product_cat?post=2543"},{"taxonomy":"product_tag","embeddable":true,"href":"https:\/\/dealselecdiscount.com\/en\/wp-json\/wp\/v2\/product_tag?post=2543"}],"curies":[{"name":"wp","href":"https:\/\/api.w.org\/{rel}","templated":true}]}}