{"id":2561,"date":"2026-02-12T10:23:58","date_gmt":"2026-02-12T10:23:58","guid":{"rendered":"https:\/\/dealselecdiscount.com\/product\/lave-linge-frontal-chiq-cfl100-14586im3xwa-10kg\/"},"modified":"2026-02-12T10:23:58","modified_gmt":"2026-02-12T10:23:58","slug":"lave-linge-frontal-chiq-cfl100-14586im3xwa-10kg","status":"publish","type":"product","link":"https:\/\/dealselecdiscount.com\/en\/product\/lave-linge-frontal-chiq-cfl100-14586im3xwa-10kg\/","title":{"rendered":"Lave-linge frontal CHiQ CFL100-14586IM3XWA 10kg"},"content":{"rendered":"<p>Lave-linge frontal CHiQ CFL100-14586IM3XWA 10kg, Moteur BLDC 1400 tr\/min, 15 Programmes dont Lavage vapeur, Nettoyage intelligent 1-Touch &#038; Lavage rapide 15 min, Profondeur r\u00e9duite, Blanc [Classe \u00e9nerg\u00e9tique A]<\/p>","protected":false},"excerpt":{"rendered":"<p>Lave-linge frontal CHiQ CFL100-14586IM3XWA 10kg, Moteur BLDC 1400 tr\/min, 15 Programmes dont Lavage vapeur, Nettoyage intelligent 1-Touch &#038; Lavage rapide 15 min, Profondeur r\u00e9duite, Blanc [Classe \u00e9nerg\u00e9tique A]<\/p>","protected":false},"featured_media":2560,"comment_status":"open","ping_status":"closed","template":"","meta":[],"product_brand":[],"product_cat":[38],"product_tag":[],"class_list":{"0":"post-2561","1":"product","2":"type-product","3":"status-publish","4":"has-post-thumbnail","6":"product_cat-machine-a-laver","8":"first","9":"instock","10":"sale","11":"shipping-taxable","12":"purchasable","13":"product-type-simple"},"_links":{"self":[{"href":"https:\/\/dealselecdiscount.com\/en\/wp-json\/wp\/v2\/product\/2561","targetHints":{"allow":["GET"]}}],"collection":[{"href":"https:\/\/dealselecdiscount.com\/en\/wp-json\/wp\/v2\/product"}],"about":[{"href":"https:\/\/dealselecdiscount.com\/en\/wp-json\/wp\/v2\/types\/product"}],"replies":[{"embeddable":true,"href":"https:\/\/dealselecdiscount.com\/en\/wp-json\/wp\/v2\/comments?post=2561"}],"wp:featuredmedia":[{"embeddable":true,"href":"https:\/\/dealselecdiscount.com\/en\/wp-json\/wp\/v2\/media\/2560"}],"wp:attachment":[{"href":"https:\/\/dealselecdiscount.com\/en\/wp-json\/wp\/v2\/media?parent=2561"}],"wp:term":[{"taxonomy":"product_brand","embeddable":true,"href":"https:\/\/dealselecdiscount.com\/en\/wp-json\/wp\/v2\/product_brand?post=2561"},{"taxonomy":"product_cat","embeddable":true,"href":"https:\/\/dealselecdiscount.com\/en\/wp-json\/wp\/v2\/product_cat?post=2561"},{"taxonomy":"product_tag","embeddable":true,"href":"https:\/\/dealselecdiscount.com\/en\/wp-json\/wp\/v2\/product_tag?post=2561"}],"curies":[{"name":"wp","href":"https:\/\/api.w.org\/{rel}","templated":true}]}}