{"id":2603,"date":"2026-02-12T10:24:03","date_gmt":"2026-02-12T10:24:03","guid":{"rendered":"https:\/\/dealselecdiscount.com\/product\/lg-gml860pyfe-refrigerateur-americain\/"},"modified":"2026-02-12T10:24:03","modified_gmt":"2026-02-12T10:24:03","slug":"lg-gml860pyfe-refrigerateur-americain","status":"publish","type":"product","link":"https:\/\/dealselecdiscount.com\/en\/product\/lg-gml860pyfe-refrigerateur-americain\/","title":{"rendered":"LG GML860PYFE R\u00e9frig\u00e9rateur am\u00e9ricain"},"content":{"rendered":"<p>LG GML860PYFE R\u00e9frig\u00e9rateur am\u00e9ricain<\/p>","protected":false},"excerpt":{"rendered":"<p>LG GML860PYFE R\u00e9frig\u00e9rateur am\u00e9ricain<\/p>","protected":false},"featured_media":2602,"comment_status":"open","ping_status":"closed","template":"","meta":[],"product_brand":[],"product_cat":[32],"product_tag":[],"class_list":{"0":"post-2603","1":"product","2":"type-product","3":"status-publish","4":"has-post-thumbnail","6":"product_cat-refrigerateurs","8":"first","9":"instock","10":"shipping-taxable","11":"purchasable","12":"product-type-simple"},"_links":{"self":[{"href":"https:\/\/dealselecdiscount.com\/en\/wp-json\/wp\/v2\/product\/2603","targetHints":{"allow":["GET"]}}],"collection":[{"href":"https:\/\/dealselecdiscount.com\/en\/wp-json\/wp\/v2\/product"}],"about":[{"href":"https:\/\/dealselecdiscount.com\/en\/wp-json\/wp\/v2\/types\/product"}],"replies":[{"embeddable":true,"href":"https:\/\/dealselecdiscount.com\/en\/wp-json\/wp\/v2\/comments?post=2603"}],"wp:featuredmedia":[{"embeddable":true,"href":"https:\/\/dealselecdiscount.com\/en\/wp-json\/wp\/v2\/media\/2602"}],"wp:attachment":[{"href":"https:\/\/dealselecdiscount.com\/en\/wp-json\/wp\/v2\/media?parent=2603"}],"wp:term":[{"taxonomy":"product_brand","embeddable":true,"href":"https:\/\/dealselecdiscount.com\/en\/wp-json\/wp\/v2\/product_brand?post=2603"},{"taxonomy":"product_cat","embeddable":true,"href":"https:\/\/dealselecdiscount.com\/en\/wp-json\/wp\/v2\/product_cat?post=2603"},{"taxonomy":"product_tag","embeddable":true,"href":"https:\/\/dealselecdiscount.com\/en\/wp-json\/wp\/v2\/product_tag?post=2603"}],"curies":[{"name":"wp","href":"https:\/\/api.w.org\/{rel}","templated":true}]}}