{"id":2649,"date":"2026-02-12T10:24:09","date_gmt":"2026-02-12T10:24:09","guid":{"rendered":"https:\/\/dealselecdiscount.com\/product\/alpicool-t36-refrigerateur-portable-36l\/"},"modified":"2026-02-12T10:24:09","modified_gmt":"2026-02-12T10:24:09","slug":"alpicool-t36-refrigerateur-portable-36l","status":"publish","type":"product","link":"https:\/\/dealselecdiscount.com\/en\/product\/alpicool-t36-refrigerateur-portable-36l\/","title":{"rendered":"Alpicool T36 R\u00e9frig\u00e9rateur portable 36L"},"content":{"rendered":"<p>Alpicool T36 R\u00e9frig\u00e9rateur portable 36L, 12V\/24V, mini cong\u00e9lateur \u00e9lectrique pour voiture, camping, camion, bateau, prise secteur et USB<\/p>","protected":false},"excerpt":{"rendered":"<p>Alpicool T36 R\u00e9frig\u00e9rateur portable 36L, 12V\/24V, mini cong\u00e9lateur \u00e9lectrique pour voiture, camping, camion, bateau, prise secteur et USB<\/p>","protected":false},"featured_media":2648,"comment_status":"open","ping_status":"closed","template":"","meta":[],"product_brand":[],"product_cat":[32],"product_tag":[],"class_list":{"0":"post-2649","1":"product","2":"type-product","3":"status-publish","4":"has-post-thumbnail","6":"product_cat-refrigerateurs","8":"first","9":"instock","10":"sale","11":"shipping-taxable","12":"purchasable","13":"product-type-simple"},"_links":{"self":[{"href":"https:\/\/dealselecdiscount.com\/en\/wp-json\/wp\/v2\/product\/2649","targetHints":{"allow":["GET"]}}],"collection":[{"href":"https:\/\/dealselecdiscount.com\/en\/wp-json\/wp\/v2\/product"}],"about":[{"href":"https:\/\/dealselecdiscount.com\/en\/wp-json\/wp\/v2\/types\/product"}],"replies":[{"embeddable":true,"href":"https:\/\/dealselecdiscount.com\/en\/wp-json\/wp\/v2\/comments?post=2649"}],"wp:featuredmedia":[{"embeddable":true,"href":"https:\/\/dealselecdiscount.com\/en\/wp-json\/wp\/v2\/media\/2648"}],"wp:attachment":[{"href":"https:\/\/dealselecdiscount.com\/en\/wp-json\/wp\/v2\/media?parent=2649"}],"wp:term":[{"taxonomy":"product_brand","embeddable":true,"href":"https:\/\/dealselecdiscount.com\/en\/wp-json\/wp\/v2\/product_brand?post=2649"},{"taxonomy":"product_cat","embeddable":true,"href":"https:\/\/dealselecdiscount.com\/en\/wp-json\/wp\/v2\/product_cat?post=2649"},{"taxonomy":"product_tag","embeddable":true,"href":"https:\/\/dealselecdiscount.com\/en\/wp-json\/wp\/v2\/product_tag?post=2649"}],"curies":[{"name":"wp","href":"https:\/\/api.w.org\/{rel}","templated":true}]}}