{"id":2653,"date":"2026-02-12T10:24:09","date_gmt":"2026-02-12T10:24:09","guid":{"rendered":"https:\/\/dealselecdiscount.com\/product\/alpicool-c9pt-mini-refrigerateur-9l-12v\/"},"modified":"2026-02-12T10:24:09","modified_gmt":"2026-02-12T10:24:09","slug":"alpicool-c9pt-mini-refrigerateur-9l-12v","status":"publish","type":"product","link":"https:\/\/dealselecdiscount.com\/en\/product\/alpicool-c9pt-mini-refrigerateur-9l-12v\/","title":{"rendered":"Alpicool C9PT Mini r\u00e9frig\u00e9rateur 9L 12V"},"content":{"rendered":"<p>Alpicool C9PT Mini r\u00e9frig\u00e9rateur 9L 12V, bo\u00eete r\u00e9frig\u00e9rante \u00e0 compresseur, portable pour voiture, camion, bateau, camping-car, cong\u00e9lateur, camping<\/p>","protected":false},"excerpt":{"rendered":"<p>Alpicool C9PT Mini r\u00e9frig\u00e9rateur 9L 12V, bo\u00eete r\u00e9frig\u00e9rante \u00e0 compresseur, portable pour voiture, camion, bateau, camping-car, cong\u00e9lateur, camping<\/p>","protected":false},"featured_media":2652,"comment_status":"open","ping_status":"closed","template":"","meta":[],"product_brand":[],"product_cat":[32],"product_tag":[],"class_list":{"0":"post-2653","1":"product","2":"type-product","3":"status-publish","4":"has-post-thumbnail","6":"product_cat-refrigerateurs","8":"first","9":"instock","10":"sale","11":"shipping-taxable","12":"purchasable","13":"product-type-simple"},"_links":{"self":[{"href":"https:\/\/dealselecdiscount.com\/en\/wp-json\/wp\/v2\/product\/2653","targetHints":{"allow":["GET"]}}],"collection":[{"href":"https:\/\/dealselecdiscount.com\/en\/wp-json\/wp\/v2\/product"}],"about":[{"href":"https:\/\/dealselecdiscount.com\/en\/wp-json\/wp\/v2\/types\/product"}],"replies":[{"embeddable":true,"href":"https:\/\/dealselecdiscount.com\/en\/wp-json\/wp\/v2\/comments?post=2653"}],"wp:featuredmedia":[{"embeddable":true,"href":"https:\/\/dealselecdiscount.com\/en\/wp-json\/wp\/v2\/media\/2652"}],"wp:attachment":[{"href":"https:\/\/dealselecdiscount.com\/en\/wp-json\/wp\/v2\/media?parent=2653"}],"wp:term":[{"taxonomy":"product_brand","embeddable":true,"href":"https:\/\/dealselecdiscount.com\/en\/wp-json\/wp\/v2\/product_brand?post=2653"},{"taxonomy":"product_cat","embeddable":true,"href":"https:\/\/dealselecdiscount.com\/en\/wp-json\/wp\/v2\/product_cat?post=2653"},{"taxonomy":"product_tag","embeddable":true,"href":"https:\/\/dealselecdiscount.com\/en\/wp-json\/wp\/v2\/product_tag?post=2653"}],"curies":[{"name":"wp","href":"https:\/\/api.w.org\/{rel}","templated":true}]}}