{"id":2659,"date":"2026-02-12T10:24:10","date_gmt":"2026-02-12T10:24:10","guid":{"rendered":"https:\/\/dealselecdiscount.com\/product\/lg-gbv22nccpy-refrigerateur-congelateur-387-l\/"},"modified":"2026-02-12T10:24:10","modified_gmt":"2026-02-12T10:24:10","slug":"lg-gbv22nccpy-refrigerateur-congelateur-387-l","status":"publish","type":"product","link":"https:\/\/dealselecdiscount.com\/en\/product\/lg-gbv22nccpy-refrigerateur-congelateur-387-l\/","title":{"rendered":"LG GBV22NCCPY R\u00e9frig\u00e9rateur-cong\u00e9lateur 387 L"},"content":{"rendered":"<p>LG GBV22NCCPY R\u00e9frig\u00e9rateur-cong\u00e9lateur 387 L, Total No Frost, refroidissement par porte, argent\u00e9, classe C<\/p>","protected":false},"excerpt":{"rendered":"<p>LG GBV22NCCPY R\u00e9frig\u00e9rateur-cong\u00e9lateur 387 L, Total No Frost, refroidissement par porte, argent\u00e9, classe C<\/p>","protected":false},"featured_media":2658,"comment_status":"open","ping_status":"closed","template":"","meta":[],"product_brand":[],"product_cat":[32],"product_tag":[],"class_list":{"0":"post-2659","1":"product","2":"type-product","3":"status-publish","4":"has-post-thumbnail","6":"product_cat-refrigerateurs","8":"first","9":"instock","10":"shipping-taxable","11":"purchasable","12":"product-type-simple"},"_links":{"self":[{"href":"https:\/\/dealselecdiscount.com\/en\/wp-json\/wp\/v2\/product\/2659","targetHints":{"allow":["GET"]}}],"collection":[{"href":"https:\/\/dealselecdiscount.com\/en\/wp-json\/wp\/v2\/product"}],"about":[{"href":"https:\/\/dealselecdiscount.com\/en\/wp-json\/wp\/v2\/types\/product"}],"replies":[{"embeddable":true,"href":"https:\/\/dealselecdiscount.com\/en\/wp-json\/wp\/v2\/comments?post=2659"}],"wp:featuredmedia":[{"embeddable":true,"href":"https:\/\/dealselecdiscount.com\/en\/wp-json\/wp\/v2\/media\/2658"}],"wp:attachment":[{"href":"https:\/\/dealselecdiscount.com\/en\/wp-json\/wp\/v2\/media?parent=2659"}],"wp:term":[{"taxonomy":"product_brand","embeddable":true,"href":"https:\/\/dealselecdiscount.com\/en\/wp-json\/wp\/v2\/product_brand?post=2659"},{"taxonomy":"product_cat","embeddable":true,"href":"https:\/\/dealselecdiscount.com\/en\/wp-json\/wp\/v2\/product_cat?post=2659"},{"taxonomy":"product_tag","embeddable":true,"href":"https:\/\/dealselecdiscount.com\/en\/wp-json\/wp\/v2\/product_tag?post=2659"}],"curies":[{"name":"wp","href":"https:\/\/api.w.org\/{rel}","templated":true}]}}