{"id":2674,"date":"2026-02-12T10:24:12","date_gmt":"2026-02-12T10:24:12","guid":{"rendered":"https:\/\/dealselecdiscount.com\/product\/chiq-refrigerateur-congelateur-fbm157l42-157-litres-109-48\/"},"modified":"2026-02-12T10:24:12","modified_gmt":"2026-02-12T10:24:12","slug":"chiq-refrigerateur-congelateur-fbm157l42-157-litres-109-48","status":"publish","type":"product","link":"https:\/\/dealselecdiscount.com\/en\/product\/chiq-refrigerateur-congelateur-fbm157l42-157-litres-109-48\/","title":{"rendered":"CHiQ R\u00e9frig\u00e9rateur cong\u00e9lateur FBM157L42 157 litres (109 + 48)"},"content":{"rendered":"<p>CHiQ R\u00e9frig\u00e9rateur cong\u00e9lateur FBM157L42 157 litres (109 + 48), Low Frost, Hauteur 144 cm, Cong\u00e9lateur 4 \u00e9toiles, 39 dB, Porte r\u00e9versible, Garantie compresseur 12 ans [Classe \u00e9nerg\u00e9tique E]<\/p>","protected":false},"excerpt":{"rendered":"<p>CHiQ R\u00e9frig\u00e9rateur cong\u00e9lateur FBM157L42 157 litres (109 + 48), Low Frost, Hauteur 144 cm, Cong\u00e9lateur 4 \u00e9toiles, 39 dB, Porte r\u00e9versible, Garantie compresseur 12 ans [Classe \u00e9nerg\u00e9tique E]<\/p>","protected":false},"featured_media":2673,"comment_status":"open","ping_status":"closed","template":"","meta":[],"product_brand":[],"product_cat":[32],"product_tag":[],"class_list":{"0":"post-2674","1":"product","2":"type-product","3":"status-publish","4":"has-post-thumbnail","6":"product_cat-refrigerateurs","8":"first","9":"instock","10":"shipping-taxable","11":"purchasable","12":"product-type-simple"},"_links":{"self":[{"href":"https:\/\/dealselecdiscount.com\/en\/wp-json\/wp\/v2\/product\/2674","targetHints":{"allow":["GET"]}}],"collection":[{"href":"https:\/\/dealselecdiscount.com\/en\/wp-json\/wp\/v2\/product"}],"about":[{"href":"https:\/\/dealselecdiscount.com\/en\/wp-json\/wp\/v2\/types\/product"}],"replies":[{"embeddable":true,"href":"https:\/\/dealselecdiscount.com\/en\/wp-json\/wp\/v2\/comments?post=2674"}],"wp:featuredmedia":[{"embeddable":true,"href":"https:\/\/dealselecdiscount.com\/en\/wp-json\/wp\/v2\/media\/2673"}],"wp:attachment":[{"href":"https:\/\/dealselecdiscount.com\/en\/wp-json\/wp\/v2\/media?parent=2674"}],"wp:term":[{"taxonomy":"product_brand","embeddable":true,"href":"https:\/\/dealselecdiscount.com\/en\/wp-json\/wp\/v2\/product_brand?post=2674"},{"taxonomy":"product_cat","embeddable":true,"href":"https:\/\/dealselecdiscount.com\/en\/wp-json\/wp\/v2\/product_cat?post=2674"},{"taxonomy":"product_tag","embeddable":true,"href":"https:\/\/dealselecdiscount.com\/en\/wp-json\/wp\/v2\/product_tag?post=2674"}],"curies":[{"name":"wp","href":"https:\/\/api.w.org\/{rel}","templated":true}]}}