{"id":2680,"date":"2026-02-12T10:24:13","date_gmt":"2026-02-12T10:24:13","guid":{"rendered":"https:\/\/dealselecdiscount.com\/product\/chiq-jr122wsd-congelateur-vertical-122-l\/"},"modified":"2026-02-12T10:24:13","modified_gmt":"2026-02-12T10:24:13","slug":"chiq-jr122wsd-congelateur-vertical-122-l","status":"publish","type":"product","link":"https:\/\/dealselecdiscount.com\/en\/product\/chiq-jr122wsd-congelateur-vertical-122-l\/","title":{"rendered":"CHiQ JR122WSD Cong\u00e9lateur vertical 122 L"},"content":{"rendered":"<p>CHiQ JR122WSD Cong\u00e9lateur vertical 122 L, technologie No Frost, classe 4 \u00e9toiles, contr\u00f4le \u00e9lectronique de la temp\u00e9rature, portes r\u00e9versibles, 39dB fonctionnement silencieux, finition acier argent\u00e9 \u00e9l\u00e9gant [classe \u00e9nerg\u00e9tique E]<\/p>","protected":false},"excerpt":{"rendered":"<p>CHiQ JR122WSD Cong\u00e9lateur vertical 122 L, technologie No Frost, classe 4 \u00e9toiles, contr\u00f4le \u00e9lectronique de la temp\u00e9rature, portes r\u00e9versibles, 39dB fonctionnement silencieux, finition acier argent\u00e9 \u00e9l\u00e9gant [classe \u00e9nerg\u00e9tique E]<\/p>","protected":false},"featured_media":2679,"comment_status":"open","ping_status":"closed","template":"","meta":[],"product_brand":[],"product_cat":[32],"product_tag":[],"class_list":{"0":"post-2680","1":"product","2":"type-product","3":"status-publish","4":"has-post-thumbnail","6":"product_cat-refrigerateurs","8":"first","9":"instock","10":"sale","11":"shipping-taxable","12":"purchasable","13":"product-type-simple"},"_links":{"self":[{"href":"https:\/\/dealselecdiscount.com\/en\/wp-json\/wp\/v2\/product\/2680","targetHints":{"allow":["GET"]}}],"collection":[{"href":"https:\/\/dealselecdiscount.com\/en\/wp-json\/wp\/v2\/product"}],"about":[{"href":"https:\/\/dealselecdiscount.com\/en\/wp-json\/wp\/v2\/types\/product"}],"replies":[{"embeddable":true,"href":"https:\/\/dealselecdiscount.com\/en\/wp-json\/wp\/v2\/comments?post=2680"}],"wp:featuredmedia":[{"embeddable":true,"href":"https:\/\/dealselecdiscount.com\/en\/wp-json\/wp\/v2\/media\/2679"}],"wp:attachment":[{"href":"https:\/\/dealselecdiscount.com\/en\/wp-json\/wp\/v2\/media?parent=2680"}],"wp:term":[{"taxonomy":"product_brand","embeddable":true,"href":"https:\/\/dealselecdiscount.com\/en\/wp-json\/wp\/v2\/product_brand?post=2680"},{"taxonomy":"product_cat","embeddable":true,"href":"https:\/\/dealselecdiscount.com\/en\/wp-json\/wp\/v2\/product_cat?post=2680"},{"taxonomy":"product_tag","embeddable":true,"href":"https:\/\/dealselecdiscount.com\/en\/wp-json\/wp\/v2\/product_tag?post=2680"}],"curies":[{"name":"wp","href":"https:\/\/api.w.org\/{rel}","templated":true}]}}