{"id":2682,"date":"2026-02-12T10:24:13","date_gmt":"2026-02-12T10:24:13","guid":{"rendered":"https:\/\/dealselecdiscount.com\/product\/chiq-refrigerateur-cote-a-cote-525-l\/"},"modified":"2026-02-12T10:24:13","modified_gmt":"2026-02-12T10:24:13","slug":"chiq-refrigerateur-cote-a-cote-525-l","status":"publish","type":"product","link":"https:\/\/dealselecdiscount.com\/en\/product\/chiq-refrigerateur-cote-a-cote-525-l\/","title":{"rendered":"CHiQ R\u00e9frig\u00e9rateur c\u00f4te \u00e0 c\u00f4te 525 L"},"content":{"rendered":"<p>CHiQ R\u00e9frig\u00e9rateur c\u00f4te \u00e0 c\u00f4te 525 L, argent\u00e9 \u00e9l\u00e9gant, acier inoxydable, compresseur Smart Inverter, NoFrost, circulation d&rsquo;air multi-flux, rafra\u00eechissement ultra rapide, jusqu\u2019\u00e0 -32 \u00b0C, commandes \u00e9lectroniques tactiles<\/p>","protected":false},"excerpt":{"rendered":"<p>CHiQ R\u00e9frig\u00e9rateur c\u00f4te \u00e0 c\u00f4te 525 L, argent\u00e9 \u00e9l\u00e9gant, acier inoxydable, compresseur Smart Inverter, NoFrost, circulation d&rsquo;air multi-flux, rafra\u00eechissement ultra rapide, jusqu\u2019\u00e0 -32 \u00b0C, commandes \u00e9lectroniques tactiles<\/p>","protected":false},"featured_media":2681,"comment_status":"open","ping_status":"closed","template":"","meta":[],"product_brand":[],"product_cat":[32],"product_tag":[],"class_list":{"0":"post-2682","1":"product","2":"type-product","3":"status-publish","4":"has-post-thumbnail","6":"product_cat-refrigerateurs","8":"first","9":"instock","10":"sale","11":"shipping-taxable","12":"purchasable","13":"product-type-simple"},"_links":{"self":[{"href":"https:\/\/dealselecdiscount.com\/en\/wp-json\/wp\/v2\/product\/2682","targetHints":{"allow":["GET"]}}],"collection":[{"href":"https:\/\/dealselecdiscount.com\/en\/wp-json\/wp\/v2\/product"}],"about":[{"href":"https:\/\/dealselecdiscount.com\/en\/wp-json\/wp\/v2\/types\/product"}],"replies":[{"embeddable":true,"href":"https:\/\/dealselecdiscount.com\/en\/wp-json\/wp\/v2\/comments?post=2682"}],"wp:featuredmedia":[{"embeddable":true,"href":"https:\/\/dealselecdiscount.com\/en\/wp-json\/wp\/v2\/media\/2681"}],"wp:attachment":[{"href":"https:\/\/dealselecdiscount.com\/en\/wp-json\/wp\/v2\/media?parent=2682"}],"wp:term":[{"taxonomy":"product_brand","embeddable":true,"href":"https:\/\/dealselecdiscount.com\/en\/wp-json\/wp\/v2\/product_brand?post=2682"},{"taxonomy":"product_cat","embeddable":true,"href":"https:\/\/dealselecdiscount.com\/en\/wp-json\/wp\/v2\/product_cat?post=2682"},{"taxonomy":"product_tag","embeddable":true,"href":"https:\/\/dealselecdiscount.com\/en\/wp-json\/wp\/v2\/product_tag?post=2682"}],"curies":[{"name":"wp","href":"https:\/\/api.w.org\/{rel}","templated":true}]}}