{"id":2686,"date":"2026-02-12T10:24:13","date_gmt":"2026-02-12T10:24:13","guid":{"rendered":"https:\/\/dealselecdiscount.com\/product\/chiq-combine-refrigerateur-congelateur-compact-227-l-jr227lse\/"},"modified":"2026-02-12T10:24:13","modified_gmt":"2026-02-12T10:24:13","slug":"chiq-combine-refrigerateur-congelateur-compact-227-l-jr227lse","status":"publish","type":"product","link":"https:\/\/dealselecdiscount.com\/en\/product\/chiq-combine-refrigerateur-congelateur-compact-227-l-jr227lse\/","title":{"rendered":"CHiQ Combin\u00e9 r\u00e9frig\u00e9rateur-cong\u00e9lateur compact 227 L (JR227LSE)"},"content":{"rendered":"<p>CHiQ Combin\u00e9 r\u00e9frig\u00e9rateur-cong\u00e9lateur compact 227 L (JR227LSE),  Argent, Froid Statique, Cong\u00e9lation 4 \u00c9toiles, 153L R\u00e9frig. &#038; 74L Cong\u00e9l., Largeur Compacte 54cm, Porte R\u00e9versible, Pieds R\u00e9glables [Classe \u00c9nerg\u00e9tique E]<\/p>","protected":false},"excerpt":{"rendered":"<p>CHiQ Combin\u00e9 r\u00e9frig\u00e9rateur-cong\u00e9lateur compact 227 L (JR227LSE), Argent, Froid Statique, Cong\u00e9lation 4 \u00c9toiles, 153L R\u00e9frig. &#038; 74L Cong\u00e9l., Largeur Compacte 54cm, Porte R\u00e9versible, Pieds R\u00e9glables [Classe \u00c9nerg\u00e9tique E]<\/p>","protected":false},"featured_media":2685,"comment_status":"open","ping_status":"closed","template":"","meta":[],"product_brand":[],"product_cat":[32],"product_tag":[],"class_list":{"0":"post-2686","1":"product","2":"type-product","3":"status-publish","4":"has-post-thumbnail","6":"product_cat-refrigerateurs","8":"first","9":"instock","10":"sale","11":"shipping-taxable","12":"purchasable","13":"product-type-simple"},"_links":{"self":[{"href":"https:\/\/dealselecdiscount.com\/en\/wp-json\/wp\/v2\/product\/2686","targetHints":{"allow":["GET"]}}],"collection":[{"href":"https:\/\/dealselecdiscount.com\/en\/wp-json\/wp\/v2\/product"}],"about":[{"href":"https:\/\/dealselecdiscount.com\/en\/wp-json\/wp\/v2\/types\/product"}],"replies":[{"embeddable":true,"href":"https:\/\/dealselecdiscount.com\/en\/wp-json\/wp\/v2\/comments?post=2686"}],"wp:featuredmedia":[{"embeddable":true,"href":"https:\/\/dealselecdiscount.com\/en\/wp-json\/wp\/v2\/media\/2685"}],"wp:attachment":[{"href":"https:\/\/dealselecdiscount.com\/en\/wp-json\/wp\/v2\/media?parent=2686"}],"wp:term":[{"taxonomy":"product_brand","embeddable":true,"href":"https:\/\/dealselecdiscount.com\/en\/wp-json\/wp\/v2\/product_brand?post=2686"},{"taxonomy":"product_cat","embeddable":true,"href":"https:\/\/dealselecdiscount.com\/en\/wp-json\/wp\/v2\/product_cat?post=2686"},{"taxonomy":"product_tag","embeddable":true,"href":"https:\/\/dealselecdiscount.com\/en\/wp-json\/wp\/v2\/product_tag?post=2686"}],"curies":[{"name":"wp","href":"https:\/\/api.w.org\/{rel}","templated":true}]}}