{"id":2688,"date":"2026-02-12T10:24:14","date_gmt":"2026-02-12T10:24:14","guid":{"rendered":"https:\/\/dealselecdiscount.com\/product\/chiq-refrigerateur-low-frost-205-l-jr205lse\/"},"modified":"2026-02-12T10:24:14","modified_gmt":"2026-02-12T10:24:14","slug":"chiq-refrigerateur-low-frost-205-l-jr205lse","status":"publish","type":"product","link":"https:\/\/dealselecdiscount.com\/en\/product\/chiq-refrigerateur-low-frost-205-l-jr205lse\/","title":{"rendered":"CHiQ R\u00e9frig\u00e9rateur Low Frost 205 L JR205LSE"},"content":{"rendered":"<p>CHiQ R\u00e9frig\u00e9rateur Low Frost 205 L JR205LSE, 153 L R\u00e9frig\u00e9rateur et 52 L Cong\u00e9lateur, Porte r\u00e9versible, Fini inox argent\u00e9 mat [Classe \u00e9nerg\u00e9tique E]<\/p>","protected":false},"excerpt":{"rendered":"<p>CHiQ R\u00e9frig\u00e9rateur Low Frost 205 L JR205LSE, 153 L R\u00e9frig\u00e9rateur et 52 L Cong\u00e9lateur, Porte r\u00e9versible, Fini inox argent\u00e9 mat [Classe \u00e9nerg\u00e9tique E]<\/p>","protected":false},"featured_media":2687,"comment_status":"open","ping_status":"closed","template":"","meta":[],"product_brand":[],"product_cat":[32],"product_tag":[],"class_list":{"0":"post-2688","1":"product","2":"type-product","3":"status-publish","4":"has-post-thumbnail","6":"product_cat-refrigerateurs","8":"first","9":"instock","10":"sale","11":"shipping-taxable","12":"purchasable","13":"product-type-simple"},"_links":{"self":[{"href":"https:\/\/dealselecdiscount.com\/en\/wp-json\/wp\/v2\/product\/2688","targetHints":{"allow":["GET"]}}],"collection":[{"href":"https:\/\/dealselecdiscount.com\/en\/wp-json\/wp\/v2\/product"}],"about":[{"href":"https:\/\/dealselecdiscount.com\/en\/wp-json\/wp\/v2\/types\/product"}],"replies":[{"embeddable":true,"href":"https:\/\/dealselecdiscount.com\/en\/wp-json\/wp\/v2\/comments?post=2688"}],"wp:featuredmedia":[{"embeddable":true,"href":"https:\/\/dealselecdiscount.com\/en\/wp-json\/wp\/v2\/media\/2687"}],"wp:attachment":[{"href":"https:\/\/dealselecdiscount.com\/en\/wp-json\/wp\/v2\/media?parent=2688"}],"wp:term":[{"taxonomy":"product_brand","embeddable":true,"href":"https:\/\/dealselecdiscount.com\/en\/wp-json\/wp\/v2\/product_brand?post=2688"},{"taxonomy":"product_cat","embeddable":true,"href":"https:\/\/dealselecdiscount.com\/en\/wp-json\/wp\/v2\/product_cat?post=2688"},{"taxonomy":"product_tag","embeddable":true,"href":"https:\/\/dealselecdiscount.com\/en\/wp-json\/wp\/v2\/product_tag?post=2688"}],"curies":[{"name":"wp","href":"https:\/\/api.w.org\/{rel}","templated":true}]}}