{"id":2692,"date":"2026-02-12T10:24:14","date_gmt":"2026-02-12T10:24:14","guid":{"rendered":"https:\/\/dealselecdiscount.com\/product\/chiq-congelateur-armoire-99-l-jr99dwe\/"},"modified":"2026-02-12T10:24:14","modified_gmt":"2026-02-12T10:24:14","slug":"chiq-congelateur-armoire-99-l-jr99dwe","status":"publish","type":"product","link":"https:\/\/dealselecdiscount.com\/en\/product\/chiq-congelateur-armoire-99-l-jr99dwe\/","title":{"rendered":"CHiQ Cong\u00e9lateur armoire 99 L JR99DWE"},"content":{"rendered":"<p>CHiQ Cong\u00e9lateur armoire 99 L JR99DWE, capacit\u00e9 de cong\u00e9lation 4 \u00e9toiles, thermostat r\u00e9glable, panier amovible, couvercle coulissant, fonctionnement silencieux, finition blanche [Classe \u00e9nerg\u00e9tique E]<\/p>","protected":false},"excerpt":{"rendered":"<p>CHiQ Cong\u00e9lateur armoire 99 L JR99DWE, capacit\u00e9 de cong\u00e9lation 4 \u00e9toiles, thermostat r\u00e9glable, panier amovible, couvercle coulissant, fonctionnement silencieux, finition blanche [Classe \u00e9nerg\u00e9tique E]<\/p>","protected":false},"featured_media":2691,"comment_status":"open","ping_status":"closed","template":"","meta":[],"product_brand":[],"product_cat":[32],"product_tag":[],"class_list":{"0":"post-2692","1":"product","2":"type-product","3":"status-publish","4":"has-post-thumbnail","6":"product_cat-refrigerateurs","8":"first","9":"instock","10":"sale","11":"shipping-taxable","12":"purchasable","13":"product-type-simple"},"_links":{"self":[{"href":"https:\/\/dealselecdiscount.com\/en\/wp-json\/wp\/v2\/product\/2692","targetHints":{"allow":["GET"]}}],"collection":[{"href":"https:\/\/dealselecdiscount.com\/en\/wp-json\/wp\/v2\/product"}],"about":[{"href":"https:\/\/dealselecdiscount.com\/en\/wp-json\/wp\/v2\/types\/product"}],"replies":[{"embeddable":true,"href":"https:\/\/dealselecdiscount.com\/en\/wp-json\/wp\/v2\/comments?post=2692"}],"wp:featuredmedia":[{"embeddable":true,"href":"https:\/\/dealselecdiscount.com\/en\/wp-json\/wp\/v2\/media\/2691"}],"wp:attachment":[{"href":"https:\/\/dealselecdiscount.com\/en\/wp-json\/wp\/v2\/media?parent=2692"}],"wp:term":[{"taxonomy":"product_brand","embeddable":true,"href":"https:\/\/dealselecdiscount.com\/en\/wp-json\/wp\/v2\/product_brand?post=2692"},{"taxonomy":"product_cat","embeddable":true,"href":"https:\/\/dealselecdiscount.com\/en\/wp-json\/wp\/v2\/product_cat?post=2692"},{"taxonomy":"product_tag","embeddable":true,"href":"https:\/\/dealselecdiscount.com\/en\/wp-json\/wp\/v2\/product_tag?post=2692"}],"curies":[{"name":"wp","href":"https:\/\/api.w.org\/{rel}","templated":true}]}}