{"id":2697,"date":"2026-02-12T10:29:43","date_gmt":"2026-02-12T10:29:43","guid":{"rendered":"https:\/\/dealselecdiscount.com\/product\/engwe-engine-x\/"},"modified":"2026-02-12T10:29:43","modified_gmt":"2026-02-12T10:29:43","slug":"engwe-engine-x","status":"publish","type":"product","link":"https:\/\/dealselecdiscount.com\/en\/product\/engwe-engine-x\/","title":{"rendered":"ENGWE Engine X"},"content":{"rendered":"<p>ENGWE Engine X &#8211; V\u00e9lo pliant \u00e9lectrique avec batterie amovible 48 V 13 Ah, VAE 250 W, pneus larges 20 x 4,0 pouces, VAE tout-terrain \u00e0 7 vitesses, autonomie de 100 km &#8211; Rouge<\/p>","protected":false},"excerpt":{"rendered":"<p>ENGWE Engine X &#8211; V\u00e9lo pliant \u00e9lectrique avec batterie amovible 48 V 13 Ah, VAE 250 W, pneus larges 20 x 4,0 pouces, VAE tout-terrain \u00e0 7 vitesses, autonomie de 100 km &#8211; Rouge<\/p>","protected":false},"featured_media":2696,"comment_status":"open","ping_status":"closed","template":"","meta":[],"product_brand":[],"product_cat":[47],"product_tag":[],"class_list":{"0":"post-2697","1":"product","2":"type-product","3":"status-publish","4":"has-post-thumbnail","6":"product_cat-velos","8":"first","9":"instock","10":"sale","11":"shipping-taxable","12":"purchasable","13":"product-type-simple"},"_links":{"self":[{"href":"https:\/\/dealselecdiscount.com\/en\/wp-json\/wp\/v2\/product\/2697","targetHints":{"allow":["GET"]}}],"collection":[{"href":"https:\/\/dealselecdiscount.com\/en\/wp-json\/wp\/v2\/product"}],"about":[{"href":"https:\/\/dealselecdiscount.com\/en\/wp-json\/wp\/v2\/types\/product"}],"replies":[{"embeddable":true,"href":"https:\/\/dealselecdiscount.com\/en\/wp-json\/wp\/v2\/comments?post=2697"}],"wp:featuredmedia":[{"embeddable":true,"href":"https:\/\/dealselecdiscount.com\/en\/wp-json\/wp\/v2\/media\/2696"}],"wp:attachment":[{"href":"https:\/\/dealselecdiscount.com\/en\/wp-json\/wp\/v2\/media?parent=2697"}],"wp:term":[{"taxonomy":"product_brand","embeddable":true,"href":"https:\/\/dealselecdiscount.com\/en\/wp-json\/wp\/v2\/product_brand?post=2697"},{"taxonomy":"product_cat","embeddable":true,"href":"https:\/\/dealselecdiscount.com\/en\/wp-json\/wp\/v2\/product_cat?post=2697"},{"taxonomy":"product_tag","embeddable":true,"href":"https:\/\/dealselecdiscount.com\/en\/wp-json\/wp\/v2\/product_tag?post=2697"}],"curies":[{"name":"wp","href":"https:\/\/api.w.org\/{rel}","templated":true}]}}