{"id":2699,"date":"2026-02-12T10:29:44","date_gmt":"2026-02-12T10:29:44","guid":{"rendered":"https:\/\/dealselecdiscount.com\/product\/engwe-ep-2-boost-velo-electrique-pliant\/"},"modified":"2026-02-12T10:29:44","modified_gmt":"2026-02-12T10:29:44","slug":"engwe-ep-2-boost-velo-electrique-pliant","status":"publish","type":"product","link":"https:\/\/dealselecdiscount.com\/en\/product\/engwe-ep-2-boost-velo-electrique-pliant\/","title":{"rendered":"ENGWE EP-2 Boost &#8211; V\u00e9lo \u00e9lectrique pliant"},"content":{"rendered":"<p>ENGWE EP-2 Boost &#8211; V\u00e9lo \u00e9lectrique pliant, batterie amovible 48 V 13 Ah jusqu\u2019\u00e0 120 km, pneus larges 20 x 4,0 pouces, v\u00e9lo \u00e9lectrique 7 vitesses pour tout type de terrain &#8211; Orange<\/p>","protected":false},"excerpt":{"rendered":"<p>ENGWE EP-2 Boost &#8211; V\u00e9lo \u00e9lectrique pliant, batterie amovible 48 V 13 Ah jusqu\u2019\u00e0 120 km, pneus larges 20 x 4,0 pouces, v\u00e9lo \u00e9lectrique 7 vitesses pour tout type de terrain &#8211; Orange<\/p>","protected":false},"featured_media":2698,"comment_status":"open","ping_status":"closed","template":"","meta":[],"product_brand":[],"product_cat":[47],"product_tag":[],"class_list":{"0":"post-2699","1":"product","2":"type-product","3":"status-publish","4":"has-post-thumbnail","6":"product_cat-velos","8":"first","9":"instock","10":"sale","11":"shipping-taxable","12":"purchasable","13":"product-type-simple"},"_links":{"self":[{"href":"https:\/\/dealselecdiscount.com\/en\/wp-json\/wp\/v2\/product\/2699","targetHints":{"allow":["GET"]}}],"collection":[{"href":"https:\/\/dealselecdiscount.com\/en\/wp-json\/wp\/v2\/product"}],"about":[{"href":"https:\/\/dealselecdiscount.com\/en\/wp-json\/wp\/v2\/types\/product"}],"replies":[{"embeddable":true,"href":"https:\/\/dealselecdiscount.com\/en\/wp-json\/wp\/v2\/comments?post=2699"}],"wp:featuredmedia":[{"embeddable":true,"href":"https:\/\/dealselecdiscount.com\/en\/wp-json\/wp\/v2\/media\/2698"}],"wp:attachment":[{"href":"https:\/\/dealselecdiscount.com\/en\/wp-json\/wp\/v2\/media?parent=2699"}],"wp:term":[{"taxonomy":"product_brand","embeddable":true,"href":"https:\/\/dealselecdiscount.com\/en\/wp-json\/wp\/v2\/product_brand?post=2699"},{"taxonomy":"product_cat","embeddable":true,"href":"https:\/\/dealselecdiscount.com\/en\/wp-json\/wp\/v2\/product_cat?post=2699"},{"taxonomy":"product_tag","embeddable":true,"href":"https:\/\/dealselecdiscount.com\/en\/wp-json\/wp\/v2\/product_tag?post=2699"}],"curies":[{"name":"wp","href":"https:\/\/api.w.org\/{rel}","templated":true}]}}