{"id":2703,"date":"2026-02-12T10:29:44","date_gmt":"2026-02-12T10:29:44","guid":{"rendered":"https:\/\/dealselecdiscount.com\/product\/engwe-p20-batterie-36-v-9\/"},"modified":"2026-02-12T10:29:44","modified_gmt":"2026-02-12T10:29:44","slug":"engwe-p20-batterie-36-v-9","status":"publish","type":"product","link":"https:\/\/dealselecdiscount.com\/en\/product\/engwe-p20-batterie-36-v-9\/","title":{"rendered":"ENGWE P20 &#8211; Batterie 36 V 9"},"content":{"rendered":"<p>ENGWE P20 &#8211; Batterie 36 V 9,6 Ah, jusqu\u2019\u00e0 100 km &#8211; V\u00e9lo \u00e9lectrique pliant, moteur 250 W, vitesse maximale 25 km\/h &#8211; Couple 42 Nm &#8211; Capteur de couple et courroie en carbone &#8211; Assistance 3 niveaux (PAS) &#8211; V\u00e9lo de ville &#8211; Vert<\/p>","protected":false},"excerpt":{"rendered":"<p>ENGWE P20 &#8211; Batterie 36 V 9,6 Ah, jusqu\u2019\u00e0 100 km &#8211; V\u00e9lo \u00e9lectrique pliant, moteur 250 W, vitesse maximale 25 km\/h &#8211; Couple 42 Nm &#8211; Capteur de couple et courroie en carbone &#8211; Assistance 3 niveaux (PAS) &#8211; V\u00e9lo de ville &#8211; Vert<\/p>","protected":false},"featured_media":2702,"comment_status":"open","ping_status":"closed","template":"","meta":[],"product_brand":[],"product_cat":[47],"product_tag":[],"class_list":{"0":"post-2703","1":"product","2":"type-product","3":"status-publish","4":"has-post-thumbnail","6":"product_cat-velos","8":"first","9":"instock","10":"sale","11":"shipping-taxable","12":"purchasable","13":"product-type-simple"},"_links":{"self":[{"href":"https:\/\/dealselecdiscount.com\/en\/wp-json\/wp\/v2\/product\/2703","targetHints":{"allow":["GET"]}}],"collection":[{"href":"https:\/\/dealselecdiscount.com\/en\/wp-json\/wp\/v2\/product"}],"about":[{"href":"https:\/\/dealselecdiscount.com\/en\/wp-json\/wp\/v2\/types\/product"}],"replies":[{"embeddable":true,"href":"https:\/\/dealselecdiscount.com\/en\/wp-json\/wp\/v2\/comments?post=2703"}],"wp:featuredmedia":[{"embeddable":true,"href":"https:\/\/dealselecdiscount.com\/en\/wp-json\/wp\/v2\/media\/2702"}],"wp:attachment":[{"href":"https:\/\/dealselecdiscount.com\/en\/wp-json\/wp\/v2\/media?parent=2703"}],"wp:term":[{"taxonomy":"product_brand","embeddable":true,"href":"https:\/\/dealselecdiscount.com\/en\/wp-json\/wp\/v2\/product_brand?post=2703"},{"taxonomy":"product_cat","embeddable":true,"href":"https:\/\/dealselecdiscount.com\/en\/wp-json\/wp\/v2\/product_cat?post=2703"},{"taxonomy":"product_tag","embeddable":true,"href":"https:\/\/dealselecdiscount.com\/en\/wp-json\/wp\/v2\/product_tag?post=2703"}],"curies":[{"name":"wp","href":"https:\/\/api.w.org\/{rel}","templated":true}]}}