{"id":2713,"date":"2026-02-12T10:29:46","date_gmt":"2026-02-12T10:29:46","guid":{"rendered":"https:\/\/dealselecdiscount.com\/product\/engwe-p275-se-velo-electrique-avec-application\/"},"modified":"2026-02-12T10:29:46","modified_gmt":"2026-02-12T10:29:46","slug":"engwe-p275-se-velo-electrique-avec-application","status":"publish","type":"product","link":"https:\/\/dealselecdiscount.com\/en\/product\/engwe-p275-se-velo-electrique-avec-application\/","title":{"rendered":"ENGWE P275 SE V\u00e9lo \u00e9lectrique avec application"},"content":{"rendered":"<p>ENGWE P275 SE V\u00e9lo \u00e9lectrique avec application, batterie 36 V 13 Ah, capteur de couple et frein hydraulique \u00e0 huile, pneus 27,5 x 1,75 pouces, moteur 250 W et 25 km\/h, autonomie jusqu\u2019\u00e0 120 km &#8211; Gris<\/p>","protected":false},"excerpt":{"rendered":"<p>ENGWE P275 SE V\u00e9lo \u00e9lectrique avec application, batterie 36 V 13 Ah, capteur de couple et frein hydraulique \u00e0 huile, pneus 27,5 x 1,75 pouces, moteur 250 W et 25 km\/h, autonomie jusqu\u2019\u00e0 120 km &#8211; Gris<\/p>","protected":false},"featured_media":2712,"comment_status":"open","ping_status":"closed","template":"","meta":[],"product_brand":[],"product_cat":[47],"product_tag":[],"class_list":{"0":"post-2713","1":"product","2":"type-product","3":"status-publish","4":"has-post-thumbnail","6":"product_cat-velos","8":"first","9":"instock","10":"sale","11":"shipping-taxable","12":"purchasable","13":"product-type-simple"},"_links":{"self":[{"href":"https:\/\/dealselecdiscount.com\/en\/wp-json\/wp\/v2\/product\/2713","targetHints":{"allow":["GET"]}}],"collection":[{"href":"https:\/\/dealselecdiscount.com\/en\/wp-json\/wp\/v2\/product"}],"about":[{"href":"https:\/\/dealselecdiscount.com\/en\/wp-json\/wp\/v2\/types\/product"}],"replies":[{"embeddable":true,"href":"https:\/\/dealselecdiscount.com\/en\/wp-json\/wp\/v2\/comments?post=2713"}],"wp:featuredmedia":[{"embeddable":true,"href":"https:\/\/dealselecdiscount.com\/en\/wp-json\/wp\/v2\/media\/2712"}],"wp:attachment":[{"href":"https:\/\/dealselecdiscount.com\/en\/wp-json\/wp\/v2\/media?parent=2713"}],"wp:term":[{"taxonomy":"product_brand","embeddable":true,"href":"https:\/\/dealselecdiscount.com\/en\/wp-json\/wp\/v2\/product_brand?post=2713"},{"taxonomy":"product_cat","embeddable":true,"href":"https:\/\/dealselecdiscount.com\/en\/wp-json\/wp\/v2\/product_cat?post=2713"},{"taxonomy":"product_tag","embeddable":true,"href":"https:\/\/dealselecdiscount.com\/en\/wp-json\/wp\/v2\/product_tag?post=2713"}],"curies":[{"name":"wp","href":"https:\/\/api.w.org\/{rel}","templated":true}]}}