{"id":2717,"date":"2026-02-12T10:29:47","date_gmt":"2026-02-12T10:29:47","guid":{"rendered":"https:\/\/dealselecdiscount.com\/product\/engwe-engine-x-3\/"},"modified":"2026-02-12T10:29:47","modified_gmt":"2026-02-12T10:29:47","slug":"engwe-engine-x-3","status":"publish","type":"product","link":"https:\/\/dealselecdiscount.com\/en\/product\/engwe-engine-x-3\/","title":{"rendered":"Engwe Engine X"},"content":{"rendered":"<p>Engwe Engine X &#8211; V\u00e9lo \u00e9lectrique pliant avec batterie amovible 48 V 13 Ah, 250 W, pneu large 20 x 4,0 pouces, 7 vitesses, v\u00e9lo \u00e9lectrique tout-terrain avec une autonomie de 100 km &#8211; Noir<\/p>","protected":false},"excerpt":{"rendered":"<p>Engwe Engine X &#8211; V\u00e9lo \u00e9lectrique pliant avec batterie amovible 48 V 13 Ah, 250 W, pneu large 20 x 4,0 pouces, 7 vitesses, v\u00e9lo \u00e9lectrique tout-terrain avec une autonomie de 100 km &#8211; Noir<\/p>","protected":false},"featured_media":2716,"comment_status":"open","ping_status":"closed","template":"","meta":[],"product_brand":[],"product_cat":[47],"product_tag":[],"class_list":{"0":"post-2717","1":"product","2":"type-product","3":"status-publish","4":"has-post-thumbnail","6":"product_cat-velos","8":"first","9":"instock","10":"sale","11":"shipping-taxable","12":"purchasable","13":"product-type-simple"},"_links":{"self":[{"href":"https:\/\/dealselecdiscount.com\/en\/wp-json\/wp\/v2\/product\/2717","targetHints":{"allow":["GET"]}}],"collection":[{"href":"https:\/\/dealselecdiscount.com\/en\/wp-json\/wp\/v2\/product"}],"about":[{"href":"https:\/\/dealselecdiscount.com\/en\/wp-json\/wp\/v2\/types\/product"}],"replies":[{"embeddable":true,"href":"https:\/\/dealselecdiscount.com\/en\/wp-json\/wp\/v2\/comments?post=2717"}],"wp:featuredmedia":[{"embeddable":true,"href":"https:\/\/dealselecdiscount.com\/en\/wp-json\/wp\/v2\/media\/2716"}],"wp:attachment":[{"href":"https:\/\/dealselecdiscount.com\/en\/wp-json\/wp\/v2\/media?parent=2717"}],"wp:term":[{"taxonomy":"product_brand","embeddable":true,"href":"https:\/\/dealselecdiscount.com\/en\/wp-json\/wp\/v2\/product_brand?post=2717"},{"taxonomy":"product_cat","embeddable":true,"href":"https:\/\/dealselecdiscount.com\/en\/wp-json\/wp\/v2\/product_cat?post=2717"},{"taxonomy":"product_tag","embeddable":true,"href":"https:\/\/dealselecdiscount.com\/en\/wp-json\/wp\/v2\/product_tag?post=2717"}],"curies":[{"name":"wp","href":"https:\/\/api.w.org\/{rel}","templated":true}]}}