{"id":2745,"date":"2026-02-12T10:29:50","date_gmt":"2026-02-12T10:29:50","guid":{"rendered":"https:\/\/dealselecdiscount.com\/product\/hiland-starry-velo-enfant-pour-garcon-et-fille\/"},"modified":"2026-02-12T10:29:50","modified_gmt":"2026-02-12T10:29:50","slug":"hiland-starry-velo-enfant-pour-garcon-et-fille","status":"publish","type":"product","link":"https:\/\/dealselecdiscount.com\/en\/product\/hiland-starry-velo-enfant-pour-garcon-et-fille\/","title":{"rendered":"HILAND Starry &#8211; V\u00e9lo enfant pour gar\u00e7on et fille"},"content":{"rendered":"<p>HILAND Starry &#8211; V\u00e9lo enfant pour gar\u00e7on et fille, 2 \u00e0 7 ans, roues de stabilisation, sonnette, porte-bagage arri\u00e8re, Violet, 16 pouces<\/p>","protected":false},"excerpt":{"rendered":"<p>HILAND Starry &#8211; V\u00e9lo enfant pour gar\u00e7on et fille, 2 \u00e0 7 ans, roues de stabilisation, sonnette, porte-bagage arri\u00e8re, Violet, 16 pouces<\/p>","protected":false},"featured_media":2744,"comment_status":"open","ping_status":"closed","template":"","meta":[],"product_brand":[],"product_cat":[47],"product_tag":[],"class_list":{"0":"post-2745","1":"product","2":"type-product","3":"status-publish","4":"has-post-thumbnail","6":"product_cat-velos","8":"first","9":"instock","10":"sale","11":"shipping-taxable","12":"purchasable","13":"product-type-simple"},"_links":{"self":[{"href":"https:\/\/dealselecdiscount.com\/en\/wp-json\/wp\/v2\/product\/2745","targetHints":{"allow":["GET"]}}],"collection":[{"href":"https:\/\/dealselecdiscount.com\/en\/wp-json\/wp\/v2\/product"}],"about":[{"href":"https:\/\/dealselecdiscount.com\/en\/wp-json\/wp\/v2\/types\/product"}],"replies":[{"embeddable":true,"href":"https:\/\/dealselecdiscount.com\/en\/wp-json\/wp\/v2\/comments?post=2745"}],"wp:featuredmedia":[{"embeddable":true,"href":"https:\/\/dealselecdiscount.com\/en\/wp-json\/wp\/v2\/media\/2744"}],"wp:attachment":[{"href":"https:\/\/dealselecdiscount.com\/en\/wp-json\/wp\/v2\/media?parent=2745"}],"wp:term":[{"taxonomy":"product_brand","embeddable":true,"href":"https:\/\/dealselecdiscount.com\/en\/wp-json\/wp\/v2\/product_brand?post=2745"},{"taxonomy":"product_cat","embeddable":true,"href":"https:\/\/dealselecdiscount.com\/en\/wp-json\/wp\/v2\/product_cat?post=2745"},{"taxonomy":"product_tag","embeddable":true,"href":"https:\/\/dealselecdiscount.com\/en\/wp-json\/wp\/v2\/product_tag?post=2745"}],"curies":[{"name":"wp","href":"https:\/\/api.w.org\/{rel}","templated":true}]}}