{"id":2753,"date":"2026-02-12T10:29:50","date_gmt":"2026-02-12T10:29:50","guid":{"rendered":"https:\/\/dealselecdiscount.com\/product\/velo-electrique-pliant-pour-adultes-20-pouces-shimano\/"},"modified":"2026-02-12T10:29:51","modified_gmt":"2026-02-12T10:29:51","slug":"velo-electrique-pliant-pour-adultes-20-pouces-shimano","status":"publish","type":"product","link":"https:\/\/dealselecdiscount.com\/en\/product\/velo-electrique-pliant-pour-adultes-20-pouces-shimano\/","title":{"rendered":"V\u00e9lo \u00c9lectrique Pliant pour Adultes 20 pouces Shimano"},"content":{"rendered":"<p>V\u00e9lo \u00c9lectrique Pliant pour Adultes 20 pouces Shimano 7 vitesses Cadre en Aluminium Light Black<\/p>","protected":false},"excerpt":{"rendered":"<p>V\u00e9lo \u00c9lectrique Pliant pour Adultes 20 pouces Shimano 7 vitesses Cadre en Aluminium Light Black<\/p>","protected":false},"featured_media":2752,"comment_status":"open","ping_status":"closed","template":"","meta":[],"product_brand":[],"product_cat":[47],"product_tag":[],"class_list":{"0":"post-2753","1":"product","2":"type-product","3":"status-publish","4":"has-post-thumbnail","6":"product_cat-velos","8":"first","9":"instock","10":"shipping-taxable","11":"purchasable","12":"product-type-simple"},"_links":{"self":[{"href":"https:\/\/dealselecdiscount.com\/en\/wp-json\/wp\/v2\/product\/2753","targetHints":{"allow":["GET"]}}],"collection":[{"href":"https:\/\/dealselecdiscount.com\/en\/wp-json\/wp\/v2\/product"}],"about":[{"href":"https:\/\/dealselecdiscount.com\/en\/wp-json\/wp\/v2\/types\/product"}],"replies":[{"embeddable":true,"href":"https:\/\/dealselecdiscount.com\/en\/wp-json\/wp\/v2\/comments?post=2753"}],"wp:featuredmedia":[{"embeddable":true,"href":"https:\/\/dealselecdiscount.com\/en\/wp-json\/wp\/v2\/media\/2752"}],"wp:attachment":[{"href":"https:\/\/dealselecdiscount.com\/en\/wp-json\/wp\/v2\/media?parent=2753"}],"wp:term":[{"taxonomy":"product_brand","embeddable":true,"href":"https:\/\/dealselecdiscount.com\/en\/wp-json\/wp\/v2\/product_brand?post=2753"},{"taxonomy":"product_cat","embeddable":true,"href":"https:\/\/dealselecdiscount.com\/en\/wp-json\/wp\/v2\/product_cat?post=2753"},{"taxonomy":"product_tag","embeddable":true,"href":"https:\/\/dealselecdiscount.com\/en\/wp-json\/wp\/v2\/product_tag?post=2753"}],"curies":[{"name":"wp","href":"https:\/\/api.w.org\/{rel}","templated":true}]}}