{"id":3005,"date":"2026-02-27T11:38:39","date_gmt":"2026-02-27T11:38:39","guid":{"rendered":"https:\/\/dealselecdiscount.com\/product\/asus-rog-swift-oled-pg27aqdp-26-5-480hz\/"},"modified":"2026-02-27T11:58:41","modified_gmt":"2026-02-27T11:58:41","slug":"asus-rog-swift-oled-pg27aqdp-26-5-480hz","status":"publish","type":"product","link":"https:\/\/dealselecdiscount.com\/en\/product\/asus-rog-swift-oled-pg27aqdp-26-5-480hz\/","title":{"rendered":"ASUS ROG Swift OLED PG27AQDP 26.5&Prime; 480Hz"},"content":{"rendered":"<p><img fetchpriority=\"high\" decoding=\"async\" class=\"alignnone size-medium wp-image-3036\" src=\"https:\/\/dealselecdiscount.com\/wp-content\/uploads\/2026\/02\/asus_rog_swift_pg27aqdp_265_480hz_qhd_003ms_gsync_compatible_woled_gaming_monitor_ac79112_23267-300x300.webp\" alt=\"\" width=\"300\" height=\"300\" srcset=\"https:\/\/dealselecdiscount.com\/wp-content\/uploads\/2026\/02\/asus_rog_swift_pg27aqdp_265_480hz_qhd_003ms_gsync_compatible_woled_gaming_monitor_ac79112_23267-300x300.webp 300w, https:\/\/dealselecdiscount.com\/wp-content\/uploads\/2026\/02\/asus_rog_swift_pg27aqdp_265_480hz_qhd_003ms_gsync_compatible_woled_gaming_monitor_ac79112_23267-150x150.webp 150w, https:\/\/dealselecdiscount.com\/wp-content\/uploads\/2026\/02\/asus_rog_swift_pg27aqdp_265_480hz_qhd_003ms_gsync_compatible_woled_gaming_monitor_ac79112_23267-768x768.webp 768w, https:\/\/dealselecdiscount.com\/wp-content\/uploads\/2026\/02\/asus_rog_swift_pg27aqdp_265_480hz_qhd_003ms_gsync_compatible_woled_gaming_monitor_ac79112_23267-12x12.webp 12w, https:\/\/dealselecdiscount.com\/wp-content\/uploads\/2026\/02\/asus_rog_swift_pg27aqdp_265_480hz_qhd_003ms_gsync_compatible_woled_gaming_monitor_ac79112_23267-600x600.webp 600w, https:\/\/dealselecdiscount.com\/wp-content\/uploads\/2026\/02\/asus_rog_swift_pg27aqdp_265_480hz_qhd_003ms_gsync_compatible_woled_gaming_monitor_ac79112_23267-100x100.webp 100w, https:\/\/dealselecdiscount.com\/wp-content\/uploads\/2026\/02\/asus_rog_swift_pg27aqdp_265_480hz_qhd_003ms_gsync_compatible_woled_gaming_monitor_ac79112_23267.webp 1024w\" sizes=\"(max-width: 300px) 100vw, 300px\" \/><br \/>\nDominez vos adversaires avec la r\u00e9activit\u00e9 absolue de l&rsquo;ASUS ROG Swift OLED. Une fr\u00e9quence record de 480Hz combin\u00e9e \u00e0 la technologie OLED pour des noirs infinis et un temps de r\u00e9ponse de 0.03ms. R\u00e9solution QHD (1440p) pour une nettet\u00e9 parfaite, id\u00e9ale pour les FPS comp\u00e9titifs.<\/p>","protected":false},"excerpt":{"rendered":"<p>Dalle OLED 480Hz &amp; 0.03ms. L&rsquo;\u00e9cran eSport ultime.<\/p>","protected":false},"featured_media":3035,"comment_status":"open","ping_status":"closed","template":"","meta":[],"product_brand":[],"product_cat":[46],"product_tag":[],"class_list":{"0":"post-3005","1":"product","2":"type-product","3":"status-publish","4":"has-post-thumbnail","6":"product_cat-electronique","8":"first","9":"instock","10":"featured","11":"shipping-taxable","12":"purchasable","13":"product-type-simple"},"_links":{"self":[{"href":"https:\/\/dealselecdiscount.com\/en\/wp-json\/wp\/v2\/product\/3005","targetHints":{"allow":["GET"]}}],"collection":[{"href":"https:\/\/dealselecdiscount.com\/en\/wp-json\/wp\/v2\/product"}],"about":[{"href":"https:\/\/dealselecdiscount.com\/en\/wp-json\/wp\/v2\/types\/product"}],"replies":[{"embeddable":true,"href":"https:\/\/dealselecdiscount.com\/en\/wp-json\/wp\/v2\/comments?post=3005"}],"wp:featuredmedia":[{"embeddable":true,"href":"https:\/\/dealselecdiscount.com\/en\/wp-json\/wp\/v2\/media\/3035"}],"wp:attachment":[{"href":"https:\/\/dealselecdiscount.com\/en\/wp-json\/wp\/v2\/media?parent=3005"}],"wp:term":[{"taxonomy":"product_brand","embeddable":true,"href":"https:\/\/dealselecdiscount.com\/en\/wp-json\/wp\/v2\/product_brand?post=3005"},{"taxonomy":"product_cat","embeddable":true,"href":"https:\/\/dealselecdiscount.com\/en\/wp-json\/wp\/v2\/product_cat?post=3005"},{"taxonomy":"product_tag","embeddable":true,"href":"https:\/\/dealselecdiscount.com\/en\/wp-json\/wp\/v2\/product_tag?post=3005"}],"curies":[{"name":"wp","href":"https:\/\/api.w.org\/{rel}","templated":true}]}}