{"id":3007,"date":"2026-02-27T11:38:39","date_gmt":"2026-02-27T11:38:39","guid":{"rendered":"https:\/\/dealselecdiscount.com\/product\/apple-macbook-pro-14-puce-m5-16go-512go-2025\/"},"modified":"2026-02-27T12:01:43","modified_gmt":"2026-02-27T12:01:43","slug":"apple-macbook-pro-14-puce-m5-16go-512go-2025","status":"publish","type":"product","link":"https:\/\/dealselecdiscount.com\/en\/product\/apple-macbook-pro-14-puce-m5-16go-512go-2025\/","title":{"rendered":"Apple MacBook Pro 14 (Puce M5, 16Go, 512Go) &#8211; 2025"},"content":{"rendered":"<p>Le MacBook Pro 14 pouces avec la toute nouvelle puce M5 (2025) offre un \u00e9quilibre parfait entre puissance et portabilit\u00e9. Avec 16Go de m\u00e9moire unifi\u00e9e, il traite les t\u00e2ches cr\u00e9atives avec une efficacit\u00e9 redoutable. \u00c9cran Liquid Retina XDR et connectivit\u00e9 Thunderbolt 5 incluse.<\/p>","protected":false},"excerpt":{"rendered":"<p>La nouvelle r\u00e9f\u00e9rence Pro 2025. Puce M5, performance et compacit\u00e9.<\/p>","protected":false},"featured_media":3033,"comment_status":"open","ping_status":"closed","template":"","meta":[],"product_brand":[],"product_cat":[46],"product_tag":[],"class_list":{"0":"post-3007","1":"product","2":"type-product","3":"status-publish","4":"has-post-thumbnail","6":"product_cat-electronique","8":"first","9":"instock","10":"sale","11":"featured","12":"shipping-taxable","13":"purchasable","14":"product-type-simple"},"_links":{"self":[{"href":"https:\/\/dealselecdiscount.com\/en\/wp-json\/wp\/v2\/product\/3007","targetHints":{"allow":["GET"]}}],"collection":[{"href":"https:\/\/dealselecdiscount.com\/en\/wp-json\/wp\/v2\/product"}],"about":[{"href":"https:\/\/dealselecdiscount.com\/en\/wp-json\/wp\/v2\/types\/product"}],"replies":[{"embeddable":true,"href":"https:\/\/dealselecdiscount.com\/en\/wp-json\/wp\/v2\/comments?post=3007"}],"wp:featuredmedia":[{"embeddable":true,"href":"https:\/\/dealselecdiscount.com\/en\/wp-json\/wp\/v2\/media\/3033"}],"wp:attachment":[{"href":"https:\/\/dealselecdiscount.com\/en\/wp-json\/wp\/v2\/media?parent=3007"}],"wp:term":[{"taxonomy":"product_brand","embeddable":true,"href":"https:\/\/dealselecdiscount.com\/en\/wp-json\/wp\/v2\/product_brand?post=3007"},{"taxonomy":"product_cat","embeddable":true,"href":"https:\/\/dealselecdiscount.com\/en\/wp-json\/wp\/v2\/product_cat?post=3007"},{"taxonomy":"product_tag","embeddable":true,"href":"https:\/\/dealselecdiscount.com\/en\/wp-json\/wp\/v2\/product_tag?post=3007"}],"curies":[{"name":"wp","href":"https:\/\/api.w.org\/{rel}","templated":true}]}}