{"id":3009,"date":"2026-02-27T11:38:39","date_gmt":"2026-02-27T11:38:39","guid":{"rendered":"https:\/\/dealselecdiscount.com\/product\/apple-watch-ultra-3-cellular-titane\/"},"modified":"2026-02-27T12:03:13","modified_gmt":"2026-02-27T12:03:13","slug":"apple-watch-ultra-3-cellular-titane","status":"publish","type":"product","link":"https:\/\/dealselecdiscount.com\/en\/product\/apple-watch-ultra-3-cellular-titane\/","title":{"rendered":"Apple Watch Ultra 3 Cellular &#8211; Titane"},"content":{"rendered":"<p>L&rsquo;Apple Watch Ultra 3 est con\u00e7ue pour l&rsquo;aventure et l&rsquo;endurance. Bo\u00eetier en titane de 49mm, sir\u00e8ne de secours, profondim\u00e8tre pour la plong\u00e9e et fonctions avanc\u00e9es pour le trail. La montre connect\u00e9e la plus robuste jamais cr\u00e9\u00e9e par Apple.<\/p>","protected":false},"excerpt":{"rendered":"<p>La montre des extr\u00eames. Titane, GPS double fr\u00e9quence, autonomie \u00e9tendue.<\/p>","protected":false},"featured_media":3054,"comment_status":"open","ping_status":"closed","template":"","meta":[],"product_brand":[],"product_cat":[46],"product_tag":[],"class_list":{"0":"post-3009","1":"product","2":"type-product","3":"status-publish","4":"has-post-thumbnail","6":"product_cat-electronique","8":"first","9":"instock","10":"featured","11":"shipping-taxable","12":"purchasable","13":"product-type-simple"},"_links":{"self":[{"href":"https:\/\/dealselecdiscount.com\/en\/wp-json\/wp\/v2\/product\/3009","targetHints":{"allow":["GET"]}}],"collection":[{"href":"https:\/\/dealselecdiscount.com\/en\/wp-json\/wp\/v2\/product"}],"about":[{"href":"https:\/\/dealselecdiscount.com\/en\/wp-json\/wp\/v2\/types\/product"}],"replies":[{"embeddable":true,"href":"https:\/\/dealselecdiscount.com\/en\/wp-json\/wp\/v2\/comments?post=3009"}],"wp:featuredmedia":[{"embeddable":true,"href":"https:\/\/dealselecdiscount.com\/en\/wp-json\/wp\/v2\/media\/3054"}],"wp:attachment":[{"href":"https:\/\/dealselecdiscount.com\/en\/wp-json\/wp\/v2\/media?parent=3009"}],"wp:term":[{"taxonomy":"product_brand","embeddable":true,"href":"https:\/\/dealselecdiscount.com\/en\/wp-json\/wp\/v2\/product_brand?post=3009"},{"taxonomy":"product_cat","embeddable":true,"href":"https:\/\/dealselecdiscount.com\/en\/wp-json\/wp\/v2\/product_cat?post=3009"},{"taxonomy":"product_tag","embeddable":true,"href":"https:\/\/dealselecdiscount.com\/en\/wp-json\/wp\/v2\/product_tag?post=3009"}],"curies":[{"name":"wp","href":"https:\/\/api.w.org\/{rel}","templated":true}]}}