{"id":3010,"date":"2026-02-27T11:38:39","date_gmt":"2026-02-27T11:38:39","guid":{"rendered":"https:\/\/dealselecdiscount.com\/product\/garmin-fenix-8-amoled-sapphire-montre-gps\/"},"modified":"2026-02-27T12:03:54","modified_gmt":"2026-02-27T12:03:54","slug":"garmin-fenix-8-amoled-sapphire-montre-gps","status":"publish","type":"product","link":"https:\/\/dealselecdiscount.com\/en\/product\/garmin-fenix-8-amoled-sapphire-montre-gps\/","title":{"rendered":"Garmin Fenix 8 AMOLED Sapphire &#8211; Montre GPS"},"content":{"rendered":"<p><img fetchpriority=\"high\" decoding=\"async\" class=\"alignnone size-medium wp-image-3049\" src=\"https:\/\/dealselecdiscount.com\/wp-content\/uploads\/2026\/02\/montre-garmin-fenix-8-amoled-sapphire-titane-carbon-gray-dlc-bracelet-silicone-noir-43-mm-300x300.jpg\" alt=\"\" width=\"300\" height=\"300\" srcset=\"https:\/\/dealselecdiscount.com\/wp-content\/uploads\/2026\/02\/montre-garmin-fenix-8-amoled-sapphire-titane-carbon-gray-dlc-bracelet-silicone-noir-43-mm-300x300.jpg 300w, https:\/\/dealselecdiscount.com\/wp-content\/uploads\/2026\/02\/montre-garmin-fenix-8-amoled-sapphire-titane-carbon-gray-dlc-bracelet-silicone-noir-43-mm-150x150.jpg 150w, https:\/\/dealselecdiscount.com\/wp-content\/uploads\/2026\/02\/montre-garmin-fenix-8-amoled-sapphire-titane-carbon-gray-dlc-bracelet-silicone-noir-43-mm-12x12.jpg 12w, https:\/\/dealselecdiscount.com\/wp-content\/uploads\/2026\/02\/montre-garmin-fenix-8-amoled-sapphire-titane-carbon-gray-dlc-bracelet-silicone-noir-43-mm-100x100.jpg 100w, https:\/\/dealselecdiscount.com\/wp-content\/uploads\/2026\/02\/montre-garmin-fenix-8-amoled-sapphire-titane-carbon-gray-dlc-bracelet-silicone-noir-43-mm.jpg 600w\" sizes=\"(max-width: 300px) 100vw, 300px\" \/><br \/>\nLa Garmin Fenix 8 AMOLED allie la lisibilit\u00e9 exceptionnelle d&rsquo;un \u00e9cran haute d\u00e9finition \u00e0 la robustesse l\u00e9gendaire de la gamme Fenix. Verre Sapphire inrayable, capteur de fr\u00e9quence cardiaque Gen 5 et outils de navigation avanc\u00e9s pour les alpinistes et athl\u00e8tes multisports.<\/p>","protected":false},"excerpt":{"rendered":"<p>\u00c9cran AMOLED \u00e9clatant &amp; cartographie TopoActive. Le summum de Garmin.<\/p>","protected":false},"featured_media":3050,"comment_status":"open","ping_status":"closed","template":"","meta":[],"product_brand":[],"product_cat":[46],"product_tag":[],"class_list":{"0":"post-3010","1":"product","2":"type-product","3":"status-publish","4":"has-post-thumbnail","6":"product_cat-electronique","8":"first","9":"instock","10":"featured","11":"shipping-taxable","12":"purchasable","13":"product-type-simple"},"_links":{"self":[{"href":"https:\/\/dealselecdiscount.com\/en\/wp-json\/wp\/v2\/product\/3010","targetHints":{"allow":["GET"]}}],"collection":[{"href":"https:\/\/dealselecdiscount.com\/en\/wp-json\/wp\/v2\/product"}],"about":[{"href":"https:\/\/dealselecdiscount.com\/en\/wp-json\/wp\/v2\/types\/product"}],"replies":[{"embeddable":true,"href":"https:\/\/dealselecdiscount.com\/en\/wp-json\/wp\/v2\/comments?post=3010"}],"wp:featuredmedia":[{"embeddable":true,"href":"https:\/\/dealselecdiscount.com\/en\/wp-json\/wp\/v2\/media\/3050"}],"wp:attachment":[{"href":"https:\/\/dealselecdiscount.com\/en\/wp-json\/wp\/v2\/media?parent=3010"}],"wp:term":[{"taxonomy":"product_brand","embeddable":true,"href":"https:\/\/dealselecdiscount.com\/en\/wp-json\/wp\/v2\/product_brand?post=3010"},{"taxonomy":"product_cat","embeddable":true,"href":"https:\/\/dealselecdiscount.com\/en\/wp-json\/wp\/v2\/product_cat?post=3010"},{"taxonomy":"product_tag","embeddable":true,"href":"https:\/\/dealselecdiscount.com\/en\/wp-json\/wp\/v2\/product_tag?post=3010"}],"curies":[{"name":"wp","href":"https:\/\/api.w.org\/{rel}","templated":true}]}}