{"id":3011,"date":"2026-02-27T11:38:39","date_gmt":"2026-02-27T11:38:39","guid":{"rendered":"https:\/\/dealselecdiscount.com\/product\/lego-star-wars-75192-millennium-falcon-ucs\/"},"modified":"2026-02-27T12:04:36","modified_gmt":"2026-02-27T12:04:36","slug":"lego-star-wars-75192-millennium-falcon-ucs","status":"publish","type":"product","link":"https:\/\/dealselecdiscount.com\/en\/product\/lego-star-wars-75192-millennium-falcon-ucs\/","title":{"rendered":"LEGO Star Wars 75192 Millennium Falcon &#8211; UCS"},"content":{"rendered":"<p>Le Faucon Millenium de la collection Ultimate Collector Series est le mod\u00e8le le plus grand et le plus d\u00e9taill\u00e9 jamais con\u00e7u par LEGO. Avec ses 7541 pi\u00e8ces, il inclut des sections int\u00e9rieures amovibles, deux \u00e9quipages diff\u00e9rents et un niveau de finition digne d&rsquo;une pi\u00e8ce de mus\u00e9e.<\/p>","protected":false},"excerpt":{"rendered":"<p>Le set Star Wars ultime. 7541 pi\u00e8ces de pure nostalgie.<\/p>","protected":false},"featured_media":3027,"comment_status":"open","ping_status":"closed","template":"","meta":[],"product_brand":[],"product_cat":[49],"product_tag":[],"class_list":{"0":"post-3011","1":"product","2":"type-product","3":"status-publish","4":"has-post-thumbnail","6":"product_cat-jouets","8":"first","9":"instock","10":"featured","11":"shipping-taxable","12":"purchasable","13":"product-type-simple"},"_links":{"self":[{"href":"https:\/\/dealselecdiscount.com\/en\/wp-json\/wp\/v2\/product\/3011","targetHints":{"allow":["GET"]}}],"collection":[{"href":"https:\/\/dealselecdiscount.com\/en\/wp-json\/wp\/v2\/product"}],"about":[{"href":"https:\/\/dealselecdiscount.com\/en\/wp-json\/wp\/v2\/types\/product"}],"replies":[{"embeddable":true,"href":"https:\/\/dealselecdiscount.com\/en\/wp-json\/wp\/v2\/comments?post=3011"}],"wp:featuredmedia":[{"embeddable":true,"href":"https:\/\/dealselecdiscount.com\/en\/wp-json\/wp\/v2\/media\/3027"}],"wp:attachment":[{"href":"https:\/\/dealselecdiscount.com\/en\/wp-json\/wp\/v2\/media?parent=3011"}],"wp:term":[{"taxonomy":"product_brand","embeddable":true,"href":"https:\/\/dealselecdiscount.com\/en\/wp-json\/wp\/v2\/product_brand?post=3011"},{"taxonomy":"product_cat","embeddable":true,"href":"https:\/\/dealselecdiscount.com\/en\/wp-json\/wp\/v2\/product_cat?post=3011"},{"taxonomy":"product_tag","embeddable":true,"href":"https:\/\/dealselecdiscount.com\/en\/wp-json\/wp\/v2\/product_tag?post=3011"}],"curies":[{"name":"wp","href":"https:\/\/api.w.org\/{rel}","templated":true}]}}