{"id":3012,"date":"2026-02-27T11:38:39","date_gmt":"2026-02-27T11:38:39","guid":{"rendered":"https:\/\/dealselecdiscount.com\/product\/lego-technic-42115-lamborghini-sian-fkp-37\/"},"modified":"2026-02-27T12:05:02","modified_gmt":"2026-02-27T12:05:02","slug":"lego-technic-42115-lamborghini-sian-fkp-37","status":"publish","type":"product","link":"https:\/\/dealselecdiscount.com\/en\/product\/lego-technic-42115-lamborghini-sian-fkp-37\/","title":{"rendered":"LEGO Technic 42115 Lamborghini Si\u00e1n FKP 37"},"content":{"rendered":"<p>Une r\u00e9plique fid\u00e8le de la supercar Lamborghini Si\u00e1n. Ce set LEGO Technic propose une transmission int\u00e9grale, une bo\u00eete de vitesses s\u00e9quentielle \u00e0 8 rapports fonctionnelle et des portes en \u00e9lytre. Une exp\u00e9rience de construction immersive pour les passionn\u00e9s d&rsquo;automobile.<\/p>","protected":false},"excerpt":{"rendered":"<p>Ing\u00e9nierie de luxe \u00e0 l&rsquo;\u00e9chelle 1:8. Moteur V12 et pistons mobiles.<\/p>","protected":false},"featured_media":3046,"comment_status":"open","ping_status":"closed","template":"","meta":[],"product_brand":[],"product_cat":[49],"product_tag":[],"class_list":{"0":"post-3012","1":"product","2":"type-product","3":"status-publish","4":"has-post-thumbnail","6":"product_cat-jouets","8":"first","9":"instock","10":"featured","11":"shipping-taxable","12":"purchasable","13":"product-type-simple"},"_links":{"self":[{"href":"https:\/\/dealselecdiscount.com\/en\/wp-json\/wp\/v2\/product\/3012","targetHints":{"allow":["GET"]}}],"collection":[{"href":"https:\/\/dealselecdiscount.com\/en\/wp-json\/wp\/v2\/product"}],"about":[{"href":"https:\/\/dealselecdiscount.com\/en\/wp-json\/wp\/v2\/types\/product"}],"replies":[{"embeddable":true,"href":"https:\/\/dealselecdiscount.com\/en\/wp-json\/wp\/v2\/comments?post=3012"}],"wp:featuredmedia":[{"embeddable":true,"href":"https:\/\/dealselecdiscount.com\/en\/wp-json\/wp\/v2\/media\/3046"}],"wp:attachment":[{"href":"https:\/\/dealselecdiscount.com\/en\/wp-json\/wp\/v2\/media?parent=3012"}],"wp:term":[{"taxonomy":"product_brand","embeddable":true,"href":"https:\/\/dealselecdiscount.com\/en\/wp-json\/wp\/v2\/product_brand?post=3012"},{"taxonomy":"product_cat","embeddable":true,"href":"https:\/\/dealselecdiscount.com\/en\/wp-json\/wp\/v2\/product_cat?post=3012"},{"taxonomy":"product_tag","embeddable":true,"href":"https:\/\/dealselecdiscount.com\/en\/wp-json\/wp\/v2\/product_tag?post=3012"}],"curies":[{"name":"wp","href":"https:\/\/api.w.org\/{rel}","templated":true}]}}