{"id":3014,"date":"2026-02-27T11:38:39","date_gmt":"2026-02-27T11:38:39","guid":{"rendered":"https:\/\/dealselecdiscount.com\/product\/scott-foil-rc-10-carbon-2026\/"},"modified":"2026-02-27T12:20:15","modified_gmt":"2026-02-27T12:20:15","slug":"scott-foil-rc-10-carbon-2026","status":"publish","type":"product","link":"https:\/\/dealselecdiscount.com\/en\/product\/scott-foil-rc-10-carbon-2026\/","title":{"rendered":"Scott Foil RC 10 Carbon (2026)"},"content":{"rendered":"<p>Le Scott Foil RC 10 est con\u00e7u pour gagner. Son cadre en carbone HMX ultra-l\u00e9ger et sa g\u00e9om\u00e9trie a\u00e9ro en font l&rsquo;un des v\u00e9los de route les plus rapides du peloton professionnel. Int\u00e9gration totale des c\u00e2bles et transmission \u00e9lectronique Shimano Ultegra Di2.<\/p>","protected":false},"excerpt":{"rendered":"<p>Vitesse pure et cadre carbone HMX. Le fleuron a\u00e9rodynamique de Scott.<\/p>","protected":false},"featured_media":3052,"comment_status":"open","ping_status":"closed","template":"","meta":[],"product_brand":[],"product_cat":[47],"product_tag":[],"class_list":{"0":"post-3014","1":"product","2":"type-product","3":"status-publish","4":"has-post-thumbnail","6":"product_cat-velos","8":"first","9":"instock","10":"featured","11":"shipping-taxable","12":"purchasable","13":"product-type-simple"},"_links":{"self":[{"href":"https:\/\/dealselecdiscount.com\/en\/wp-json\/wp\/v2\/product\/3014","targetHints":{"allow":["GET"]}}],"collection":[{"href":"https:\/\/dealselecdiscount.com\/en\/wp-json\/wp\/v2\/product"}],"about":[{"href":"https:\/\/dealselecdiscount.com\/en\/wp-json\/wp\/v2\/types\/product"}],"replies":[{"embeddable":true,"href":"https:\/\/dealselecdiscount.com\/en\/wp-json\/wp\/v2\/comments?post=3014"}],"wp:featuredmedia":[{"embeddable":true,"href":"https:\/\/dealselecdiscount.com\/en\/wp-json\/wp\/v2\/media\/3052"}],"wp:attachment":[{"href":"https:\/\/dealselecdiscount.com\/en\/wp-json\/wp\/v2\/media?parent=3014"}],"wp:term":[{"taxonomy":"product_brand","embeddable":true,"href":"https:\/\/dealselecdiscount.com\/en\/wp-json\/wp\/v2\/product_brand?post=3014"},{"taxonomy":"product_cat","embeddable":true,"href":"https:\/\/dealselecdiscount.com\/en\/wp-json\/wp\/v2\/product_cat?post=3014"},{"taxonomy":"product_tag","embeddable":true,"href":"https:\/\/dealselecdiscount.com\/en\/wp-json\/wp\/v2\/product_tag?post=3014"}],"curies":[{"name":"wp","href":"https:\/\/api.w.org\/{rel}","templated":true}]}}