{"id":3015,"date":"2026-02-27T11:38:39","date_gmt":"2026-02-27T11:38:39","guid":{"rendered":"https:\/\/dealselecdiscount.com\/product\/apple-macbook-pro-14-puce-m4-2024\/"},"modified":"2026-02-27T12:06:55","modified_gmt":"2026-02-27T12:06:55","slug":"apple-macbook-pro-14-puce-m4-2024","status":"publish","type":"product","link":"https:\/\/dealselecdiscount.com\/en\/product\/apple-macbook-pro-14-puce-m4-2024\/","title":{"rendered":"Apple MacBook Pro 14 (Puce M4, 2024)"},"content":{"rendered":"<p>Le MacBook Pro 14 pouces M4 est la machine id\u00e9ale pour les cr\u00e9atifs nomades. Puissance de traitement photo et vid\u00e9o, combin\u00e9e \u00e0 une efficacit\u00e9 \u00e9nerg\u00e9tique exceptionnelle.<\/p>","protected":false},"excerpt":{"rendered":"<p>Puissance pro compacte. Puce M4, Liquid Retina XDR.<\/p>","protected":false},"featured_media":3047,"comment_status":"open","ping_status":"closed","template":"","meta":[],"product_brand":[],"product_cat":[46],"product_tag":[],"class_list":{"0":"post-3015","1":"product","2":"type-product","3":"status-publish","4":"has-post-thumbnail","6":"product_cat-electronique","8":"first","9":"instock","10":"featured","11":"shipping-taxable","12":"purchasable","13":"product-type-simple"},"_links":{"self":[{"href":"https:\/\/dealselecdiscount.com\/en\/wp-json\/wp\/v2\/product\/3015","targetHints":{"allow":["GET"]}}],"collection":[{"href":"https:\/\/dealselecdiscount.com\/en\/wp-json\/wp\/v2\/product"}],"about":[{"href":"https:\/\/dealselecdiscount.com\/en\/wp-json\/wp\/v2\/types\/product"}],"replies":[{"embeddable":true,"href":"https:\/\/dealselecdiscount.com\/en\/wp-json\/wp\/v2\/comments?post=3015"}],"wp:featuredmedia":[{"embeddable":true,"href":"https:\/\/dealselecdiscount.com\/en\/wp-json\/wp\/v2\/media\/3047"}],"wp:attachment":[{"href":"https:\/\/dealselecdiscount.com\/en\/wp-json\/wp\/v2\/media?parent=3015"}],"wp:term":[{"taxonomy":"product_brand","embeddable":true,"href":"https:\/\/dealselecdiscount.com\/en\/wp-json\/wp\/v2\/product_brand?post=3015"},{"taxonomy":"product_cat","embeddable":true,"href":"https:\/\/dealselecdiscount.com\/en\/wp-json\/wp\/v2\/product_cat?post=3015"},{"taxonomy":"product_tag","embeddable":true,"href":"https:\/\/dealselecdiscount.com\/en\/wp-json\/wp\/v2\/product_tag?post=3015"}],"curies":[{"name":"wp","href":"https:\/\/api.w.org\/{rel}","templated":true}]}}