{"id":3016,"date":"2026-02-27T11:38:39","date_gmt":"2026-02-27T11:38:39","guid":{"rendered":"https:\/\/dealselecdiscount.com\/product\/apple-macbook-pro-16-puce-m4-pro-24go-512go\/"},"modified":"2026-02-27T12:07:28","modified_gmt":"2026-02-27T12:07:28","slug":"apple-macbook-pro-16-puce-m4-pro-24go-512go","status":"publish","type":"product","link":"https:\/\/dealselecdiscount.com\/en\/product\/apple-macbook-pro-16-puce-m4-pro-24go-512go\/","title":{"rendered":"Apple MacBook Pro 16 (Puce M4 Pro, 24Go, 512Go)"},"content":{"rendered":"<p>\u00c9quip\u00e9 de 24Go de RAM et de la puce M4 Pro, ce MacBook Pro 16 pouces excelle dans le multit\u00e2che intensif et les flux de travail professionnels.<\/p>","protected":false},"excerpt":{"rendered":"<p>\u00c9cran 16 pouces &amp; Puce M4 Pro. Le confort du grand format.<\/p>","protected":false},"featured_media":3031,"comment_status":"open","ping_status":"closed","template":"","meta":[],"product_brand":[],"product_cat":[46],"product_tag":[],"class_list":{"0":"post-3016","1":"product","2":"type-product","3":"status-publish","4":"has-post-thumbnail","6":"product_cat-electronique","8":"first","9":"instock","10":"sale","11":"featured","12":"shipping-taxable","13":"purchasable","14":"product-type-simple"},"_links":{"self":[{"href":"https:\/\/dealselecdiscount.com\/en\/wp-json\/wp\/v2\/product\/3016","targetHints":{"allow":["GET"]}}],"collection":[{"href":"https:\/\/dealselecdiscount.com\/en\/wp-json\/wp\/v2\/product"}],"about":[{"href":"https:\/\/dealselecdiscount.com\/en\/wp-json\/wp\/v2\/types\/product"}],"replies":[{"embeddable":true,"href":"https:\/\/dealselecdiscount.com\/en\/wp-json\/wp\/v2\/comments?post=3016"}],"wp:featuredmedia":[{"embeddable":true,"href":"https:\/\/dealselecdiscount.com\/en\/wp-json\/wp\/v2\/media\/3031"}],"wp:attachment":[{"href":"https:\/\/dealselecdiscount.com\/en\/wp-json\/wp\/v2\/media?parent=3016"}],"wp:term":[{"taxonomy":"product_brand","embeddable":true,"href":"https:\/\/dealselecdiscount.com\/en\/wp-json\/wp\/v2\/product_brand?post=3016"},{"taxonomy":"product_cat","embeddable":true,"href":"https:\/\/dealselecdiscount.com\/en\/wp-json\/wp\/v2\/product_cat?post=3016"},{"taxonomy":"product_tag","embeddable":true,"href":"https:\/\/dealselecdiscount.com\/en\/wp-json\/wp\/v2\/product_tag?post=3016"}],"curies":[{"name":"wp","href":"https:\/\/api.w.org\/{rel}","templated":true}]}}