{"id":3017,"date":"2026-02-27T11:38:39","date_gmt":"2026-02-27T11:38:39","guid":{"rendered":"https:\/\/dealselecdiscount.com\/product\/asus-proart-p16-ryzen-ai-9-32go-rtx-5060\/"},"modified":"2026-02-27T12:10:54","modified_gmt":"2026-02-27T12:10:54","slug":"asus-proart-p16-ryzen-ai-9-32go-rtx-5060","status":"publish","type":"product","link":"https:\/\/dealselecdiscount.com\/en\/product\/asus-proart-p16-ryzen-ai-9-32go-rtx-5060\/","title":{"rendered":"ASUS ProArt P16 (Ryzen AI 9, 32Go, RTX 5060)"},"content":{"rendered":"<p>L&rsquo;ASUS ProArt P16 est une station de travail certifi\u00e9e IA. \u00c9cran tactile OLED 4K, 32Go de RAM et puissance graphique RTX s\u00e9rie 50 pour les cr\u00e9atifs 3D.<\/p>","protected":false},"excerpt":{"rendered":"<p>L&rsquo;IA au service des cr\u00e9ateurs. AMD Ryzen AI 9 &amp; RTX 5060.<\/p>","protected":false},"featured_media":3037,"comment_status":"open","ping_status":"closed","template":"","meta":[],"product_brand":[],"product_cat":[46],"product_tag":[],"class_list":{"0":"post-3017","1":"product","2":"type-product","3":"status-publish","4":"has-post-thumbnail","6":"product_cat-electronique","8":"first","9":"instock","10":"sale","11":"featured","12":"shipping-taxable","13":"purchasable","14":"product-type-simple"},"_links":{"self":[{"href":"https:\/\/dealselecdiscount.com\/en\/wp-json\/wp\/v2\/product\/3017","targetHints":{"allow":["GET"]}}],"collection":[{"href":"https:\/\/dealselecdiscount.com\/en\/wp-json\/wp\/v2\/product"}],"about":[{"href":"https:\/\/dealselecdiscount.com\/en\/wp-json\/wp\/v2\/types\/product"}],"replies":[{"embeddable":true,"href":"https:\/\/dealselecdiscount.com\/en\/wp-json\/wp\/v2\/comments?post=3017"}],"wp:featuredmedia":[{"embeddable":true,"href":"https:\/\/dealselecdiscount.com\/en\/wp-json\/wp\/v2\/media\/3037"}],"wp:attachment":[{"href":"https:\/\/dealselecdiscount.com\/en\/wp-json\/wp\/v2\/media?parent=3017"}],"wp:term":[{"taxonomy":"product_brand","embeddable":true,"href":"https:\/\/dealselecdiscount.com\/en\/wp-json\/wp\/v2\/product_brand?post=3017"},{"taxonomy":"product_cat","embeddable":true,"href":"https:\/\/dealselecdiscount.com\/en\/wp-json\/wp\/v2\/product_cat?post=3017"},{"taxonomy":"product_tag","embeddable":true,"href":"https:\/\/dealselecdiscount.com\/en\/wp-json\/wp\/v2\/product_tag?post=3017"}],"curies":[{"name":"wp","href":"https:\/\/api.w.org\/{rel}","templated":true}]}}