{"id":3018,"date":"2026-02-27T11:38:40","date_gmt":"2026-02-27T11:38:40","guid":{"rendered":"https:\/\/dealselecdiscount.com\/product\/garmin-fenix-8-sapphire-noir\/"},"modified":"2026-02-27T11:50:27","modified_gmt":"2026-02-27T11:50:27","slug":"garmin-fenix-8-sapphire-noir","status":"publish","type":"product","link":"https:\/\/dealselecdiscount.com\/en\/product\/garmin-fenix-8-sapphire-noir\/","title":{"rendered":"Garmin Fenix 8 Sapphire &#8211; Noir"},"content":{"rendered":"<p>La montre multisport de r\u00e9f\u00e9rence. Verre Sapphire inrayable, autonomie de plusieurs semaines et suivi de sant\u00e9 avanc\u00e9 pour les athl\u00e8tes de haut niveau.<\/p>","protected":false},"excerpt":{"rendered":"<p>Robuste, \u00e9l\u00e9gante, infatigable. GPS Sapphire haute pr\u00e9cision.<\/p>","protected":false},"featured_media":3038,"comment_status":"open","ping_status":"closed","template":"","meta":[],"product_brand":[],"product_cat":[46],"product_tag":[],"class_list":{"0":"post-3018","1":"product","2":"type-product","3":"status-publish","4":"has-post-thumbnail","6":"product_cat-electronique","8":"first","9":"instock","10":"featured","11":"shipping-taxable","12":"purchasable","13":"product-type-simple"},"_links":{"self":[{"href":"https:\/\/dealselecdiscount.com\/en\/wp-json\/wp\/v2\/product\/3018","targetHints":{"allow":["GET"]}}],"collection":[{"href":"https:\/\/dealselecdiscount.com\/en\/wp-json\/wp\/v2\/product"}],"about":[{"href":"https:\/\/dealselecdiscount.com\/en\/wp-json\/wp\/v2\/types\/product"}],"replies":[{"embeddable":true,"href":"https:\/\/dealselecdiscount.com\/en\/wp-json\/wp\/v2\/comments?post=3018"}],"wp:featuredmedia":[{"embeddable":true,"href":"https:\/\/dealselecdiscount.com\/en\/wp-json\/wp\/v2\/media\/3038"}],"wp:attachment":[{"href":"https:\/\/dealselecdiscount.com\/en\/wp-json\/wp\/v2\/media?parent=3018"}],"wp:term":[{"taxonomy":"product_brand","embeddable":true,"href":"https:\/\/dealselecdiscount.com\/en\/wp-json\/wp\/v2\/product_brand?post=3018"},{"taxonomy":"product_cat","embeddable":true,"href":"https:\/\/dealselecdiscount.com\/en\/wp-json\/wp\/v2\/product_cat?post=3018"},{"taxonomy":"product_tag","embeddable":true,"href":"https:\/\/dealselecdiscount.com\/en\/wp-json\/wp\/v2\/product_tag?post=3018"}],"curies":[{"name":"wp","href":"https:\/\/api.w.org\/{rel}","templated":true}]}}