{"id":3020,"date":"2026-02-27T11:38:40","date_gmt":"2026-02-27T11:38:40","guid":{"rendered":"https:\/\/dealselecdiscount.com\/product\/lego-star-wars-75290-mos-eisley-cantina\/"},"modified":"2026-02-27T11:52:32","modified_gmt":"2026-02-27T11:52:32","slug":"lego-star-wars-75290-mos-eisley-cantina","status":"publish","type":"product","link":"https:\/\/dealselecdiscount.com\/en\/product\/lego-star-wars-75290-mos-eisley-cantina\/","title":{"rendered":"LEGO Star Wars 75290 Mos Eisley Cantina"},"content":{"rendered":"<p>Revivez les sc\u00e8nes cultes de l&rsquo;Episode IV avec la Cantina de Mos Eisley. Un set riche en d\u00e9tails incluant des figurines rares et des vaisseaux embl\u00e9matiques.<\/p>","protected":false},"excerpt":{"rendered":"<p><img fetchpriority=\"high\" decoding=\"async\" class=\"alignnone size-medium wp-image-3044\" src=\"https:\/\/dealselecdiscount.com\/wp-content\/uploads\/2026\/02\/LEGO-Star-Wars-75290-Mos-Eisley-Cantina-MBS-300x247.jpg\" alt=\"\" width=\"300\" height=\"247\" srcset=\"https:\/\/dealselecdiscount.com\/wp-content\/uploads\/2026\/02\/LEGO-Star-Wars-75290-Mos-Eisley-Cantina-MBS-300x247.jpg 300w, https:\/\/dealselecdiscount.com\/wp-content\/uploads\/2026\/02\/LEGO-Star-Wars-75290-Mos-Eisley-Cantina-MBS-768x632.jpg 768w, https:\/\/dealselecdiscount.com\/wp-content\/uploads\/2026\/02\/LEGO-Star-Wars-75290-Mos-Eisley-Cantina-MBS-15x12.jpg 15w, https:\/\/dealselecdiscount.com\/wp-content\/uploads\/2026\/02\/LEGO-Star-Wars-75290-Mos-Eisley-Cantina-MBS-600x493.jpg 600w, https:\/\/dealselecdiscount.com\/wp-content\/uploads\/2026\/02\/LEGO-Star-Wars-75290-Mos-Eisley-Cantina-MBS.jpg 1024w\" sizes=\"(max-width: 300px) 100vw, 300px\" \/>La taverne la plus c\u00e9l\u00e8bre de Tatooine. 3187 pi\u00e8ces, 21 figurines.<\/p>","protected":false},"featured_media":3045,"comment_status":"open","ping_status":"closed","template":"","meta":[],"product_brand":[],"product_cat":[49],"product_tag":[],"class_list":{"0":"post-3020","1":"product","2":"type-product","3":"status-publish","4":"has-post-thumbnail","6":"product_cat-jouets","8":"first","9":"instock","10":"featured","11":"shipping-taxable","12":"purchasable","13":"product-type-simple"},"_links":{"self":[{"href":"https:\/\/dealselecdiscount.com\/en\/wp-json\/wp\/v2\/product\/3020","targetHints":{"allow":["GET"]}}],"collection":[{"href":"https:\/\/dealselecdiscount.com\/en\/wp-json\/wp\/v2\/product"}],"about":[{"href":"https:\/\/dealselecdiscount.com\/en\/wp-json\/wp\/v2\/types\/product"}],"replies":[{"embeddable":true,"href":"https:\/\/dealselecdiscount.com\/en\/wp-json\/wp\/v2\/comments?post=3020"}],"wp:featuredmedia":[{"embeddable":true,"href":"https:\/\/dealselecdiscount.com\/en\/wp-json\/wp\/v2\/media\/3045"}],"wp:attachment":[{"href":"https:\/\/dealselecdiscount.com\/en\/wp-json\/wp\/v2\/media?parent=3020"}],"wp:term":[{"taxonomy":"product_brand","embeddable":true,"href":"https:\/\/dealselecdiscount.com\/en\/wp-json\/wp\/v2\/product_brand?post=3020"},{"taxonomy":"product_cat","embeddable":true,"href":"https:\/\/dealselecdiscount.com\/en\/wp-json\/wp\/v2\/product_cat?post=3020"},{"taxonomy":"product_tag","embeddable":true,"href":"https:\/\/dealselecdiscount.com\/en\/wp-json\/wp\/v2\/product_tag?post=3020"}],"curies":[{"name":"wp","href":"https:\/\/api.w.org\/{rel}","templated":true}]}}