{"id":3021,"date":"2026-02-27T11:38:40","date_gmt":"2026-02-27T11:38:40","guid":{"rendered":"https:\/\/dealselecdiscount.com\/product\/lego-star-wars-75252-imperial-star-destroyer\/"},"modified":"2026-02-27T11:53:13","modified_gmt":"2026-02-27T11:53:13","slug":"lego-star-wars-75252-imperial-star-destroyer","status":"publish","type":"product","link":"https:\/\/dealselecdiscount.com\/en\/product\/lego-star-wars-75252-imperial-star-destroyer\/","title":{"rendered":"LEGO Star Wars 75252 Imperial Star Destroyer"},"content":{"rendered":"<p>Dominez votre collection Star Wars avec le Star Destroyer imp\u00e9rial UCS. Une construction gigantesque avec support d&rsquo;exposition et plaque d&rsquo;informations.<\/p>","protected":false},"excerpt":{"rendered":"<p>Une pr\u00e9sence imp\u00e9riale massive. Longueur 110cm, 4784 pi\u00e8ces.<\/p>","protected":false},"featured_media":3028,"comment_status":"open","ping_status":"closed","template":"","meta":[],"product_brand":[],"product_cat":[49],"product_tag":[],"class_list":{"0":"post-3021","1":"product","2":"type-product","3":"status-publish","4":"has-post-thumbnail","6":"product_cat-jouets","8":"first","9":"instock","10":"featured","11":"shipping-taxable","12":"purchasable","13":"product-type-simple"},"_links":{"self":[{"href":"https:\/\/dealselecdiscount.com\/en\/wp-json\/wp\/v2\/product\/3021","targetHints":{"allow":["GET"]}}],"collection":[{"href":"https:\/\/dealselecdiscount.com\/en\/wp-json\/wp\/v2\/product"}],"about":[{"href":"https:\/\/dealselecdiscount.com\/en\/wp-json\/wp\/v2\/types\/product"}],"replies":[{"embeddable":true,"href":"https:\/\/dealselecdiscount.com\/en\/wp-json\/wp\/v2\/comments?post=3021"}],"wp:featuredmedia":[{"embeddable":true,"href":"https:\/\/dealselecdiscount.com\/en\/wp-json\/wp\/v2\/media\/3028"}],"wp:attachment":[{"href":"https:\/\/dealselecdiscount.com\/en\/wp-json\/wp\/v2\/media?parent=3021"}],"wp:term":[{"taxonomy":"product_brand","embeddable":true,"href":"https:\/\/dealselecdiscount.com\/en\/wp-json\/wp\/v2\/product_brand?post=3021"},{"taxonomy":"product_cat","embeddable":true,"href":"https:\/\/dealselecdiscount.com\/en\/wp-json\/wp\/v2\/product_cat?post=3021"},{"taxonomy":"product_tag","embeddable":true,"href":"https:\/\/dealselecdiscount.com\/en\/wp-json\/wp\/v2\/product_tag?post=3021"}],"curies":[{"name":"wp","href":"https:\/\/api.w.org\/{rel}","templated":true}]}}